{"id":451,"date":"2026-05-11T17:41:22","date_gmt":"2026-05-11T17:41:22","guid":{"rendered":"http:\/\/qpbbvxg.cluster121.hosting.ovh.net\/?page_id=451"},"modified":"2026-05-13T13:43:46","modified_gmt":"2026-05-13T13:43:46","slug":"credit","status":"publish","type":"page","link":"https:\/\/grand-nuancier.org\/index.php\/credit\/","title":{"rendered":"Credit"},"content":{"rendered":"\n<header class=\"wp-block-uagb-advanced-heading uagb-block-f5a7fad0\"><h2 class=\"uagb-heading-text\">Cr\u00e9dits des images<\/h2><\/header>\n\n\n\n<p class=\"has-medium-font-size\">La fable des couleurs<\/p>\n\n\n\n<ul class=\"wp-block-list has-small-font-size\">\n<li>Le Caravage, Narcisse \u2014 Photo : Wikipedia \/ Carole Raddato<\/li>\n\n\n\n<li>Johann Wenzel Peter, Adam et \u00c8ve au Paradis Terreste \u2014 Photo : Wikipedia\/Digitaler Lumpensammler<\/li>\n\n\n\n<li>Caspar David Friedrich, Femme devant le coucher du soleil \u2014 Photo : Wikipedia\/DIRECTMEDIA<\/li>\n<\/ul>\n\n\n\n<p class=\"has-medium-font-size\">\u00c9chantillon des \u0153uvres du Grand Nuancier<\/p>\n\n\n\n<ul class=\"wp-block-list has-small-font-size\">\n<li>Kim R. Rebholz, \u00c9chantillon des \u0153uvres du Grand Nuancier \u2014 Reproduction : Kim R. Rebholz<\/li>\n<\/ul>\n\n\n\n<p class=\"has-medium-font-size\">Arts, sciences et harmonies<\/p>\n\n\n\n<ul class=\"wp-block-list has-small-font-size\">\n<li>A. Boogert, assemblage de planches extraites du Trait\u00e9 des couleurs servant \u00e0 la peinture \u00e0 l&rsquo;eau \u2014 Reproduction : Biblioth\u00e8que M\u00e9janes<\/li>\n\n\n\n<li>Frederic Edwin Church, Saison des pluies sous les tropiques \u2014 Photo : Wikipedia \/ Institut Culturel Google<\/li>\n\n\n\n<li>J.W. von Goethe, Cercle chromatique \u2014 Reproduction : Wikipedia\/Andrei Stroe<\/li>\n\n\n\n<li>Bruce Nauman, Life, Death, Love, Hate, Pleasure, Pain \u2014 Photo : WikiArt<\/li>\n\n\n\n<li>Pierre de Soleil azt\u00e8que \u2014 Photo : Wikipedia\/Ancheta Wis<\/li>\n\n\n\n<li>Mandala Amit\u0101yus tib\u00e9tain \u2014 Photo : Wikipedia<\/li>\n\n\n\n<li>J.M.W. Turner, Le Matin apr\u00e8s le D\u00e9luge \u2013 Mo\u00efse \u00e9crivant le Livre de la Gen\u00e8se \u2014 Photo : Wikipedia\/projetalbion<\/li>\n\n\n\n<li>Rose sud Notre-Dame de Paris \u2014 Photo : Wikipedia\/David Bornes\/CMN<\/li>\n\n\n\n<li>Couleurs \/ Lumi\u00e8re visible \u2014 Illustration : Kim R. Rebholz<\/li>\n\n\n\n<li>Tableau p\u00e9riodique des \u00e9l\u00e9ments \u2014 Illustration : Wikipedia<\/li>\n\n\n\n<li>Arbre des organismes vivants (simplifi\u00e9) \u2014 Illustration : Wikipedia\/Maulucioni y Dorid\u00ed<\/li>\n\n\n\n<li>Neige au Sommet du Mont Fuji \u2014 Photo : Unsplash\/JJ Ying<\/li>\n\n\n\n<li>Gorge de la Mouette rieuse \u2014 Photo : Wikipedia\/Hobbyfotowiki<\/li>\n\n\n\n<li>Marbre de Carrare \u2014 Photo : Wikipedia<\/li>\n\n\n\n<li>Perce-neiges \u2014 Photo : Wikipedia\/Kruczy89<\/li>\n\n\n\n<li>Claude Monet, Le Bassin aux Nymph\u00e9as \u2014 Photo : Wikipedia\/SLAM<\/li>\n\n\n\n<li>Mark Rothko, Four Darks in Red \u2014 Photo : Wikipedia\/Tate<\/li>\n\n\n\n<li>Opale \u00ab\u00a0Prince Arlequin\u00a0\u00bb \u2014 Photo : Wikipedia<\/li>\n\n\n\n<li>Scarab\u00e9e Torynorrhina flammea \u2014 Photo : Wikipedia<\/li>\n\n\n\n<li>Gerhard Richter, 1024 Couleurs (350-3) \u2014 Photo : Centre Pompidou, MNAM-CCI\/Philippe Migeat<\/li>\n\n\n\n<li>James Turrell, After Effect \u2014 Photo : Pace Gallery<\/li>\n\n\n\n<li>Robe de cocktail d&rsquo;Yves Saint Laurent en velours et satin \u2014 Photo : inconnu<\/li>\n\n\n\n<li>Gorille des montagnes \u2014 Photo : Wikipedia<\/li>\n\n\n\n<li>Pablo Picasso, Guernica \u2014 Photo : Museo Nacional Centro de Arte Reina Sof\u00eda<\/li>\n\n\n\n<li>Ch\u00e9ri Samba, J&rsquo;aime la Couleur \u2014 Photo : inconnu<\/li>\n\n\n\n<li>ALL COLORS MATTER \u2014 Illustration : Kim R. Rebholz<\/li>\n\n\n\n<li>Femme du peuple Chimbu de Papouasie-Nouvelle-Guin\u00e9e arborant une coiffe traditionnelle \u2014 Photo : David Kirkland<\/li>\n\n\n\n<li>Sch\u00e9ma des diff\u00e9rents types d&rsquo;interaction \u00e9cologique \u2014 Illustration : Kim R. Rebholz<\/li>\n\n\n\n<li>Un exemple type de coop\u00e9ration symbiotique mutualiste le poisson-clown (Amphiprion ocellaris) et l&rsquo;an\u00e9mone de mer (Radianthus magnifica) \u2014 Photo : inconnu<\/li>\n\n\n\n<li>La Terre, notre pr\u00e9cieuse \u00ab\u00a0bille multicolore\u00a0\u00bb, vue depuis l&rsquo;espace \u2014 Photo : NASA\/Reto St\u00f6ckli<\/li>\n<\/ul>\n\n\n\n<p class=\"has-medium-font-size\">Pour une Renaissance des Nations Unies<\/p>\n\n\n\n<ul class=\"wp-block-list has-small-font-size\">\n<li>Les 17 Objectifs de D\u00e9veloppement Durable (ODD) des Nations Unies \u2014 Illustration : ONU<\/li>\n<\/ul>\n\n\n\n<p class=\"has-medium-font-size\">\u05e9\u05dc\u05d5\u05dd PAIX \u0633\u0644\u0627\u0645<\/p>\n\n\n\n<ul class=\"wp-block-list has-small-font-size\">\n<li>Shimon Peres et Yasser Arafat apr\u00e8s la signature des accords d&rsquo;Oslo en 1993 \u2014 Photo : Claes L\u00f6fgren\/TT News Agency\/AFP<\/li>\n\n\n\n<li>Vue de J\u00e9rusalem depuis le mont des Oliviers \u2014 Photo : Adobe Stock\/John Theodor<\/li>\n<\/ul>\n\n\n\n<p class=\"has-medium-font-size\">L&rsquo;Atelier du Grand Nuancier<\/p>\n\n\n\n<p class=\"has-small-font-size\">Le concept de structure modulaire circulaire et adaptable du b\u00e2timent du Grand Nuancier \u2014 Illustration : Kim R. Rebholz<\/p>\n\n\n\n<p class=\"has-small-font-size\"><\/p>\n","protected":false},"excerpt":{"rendered":"<p>Cr\u00e9dits des images La fable des couleurs \u00c9chantillon des \u0153uvres du Grand Nuancier Arts, sciences et harmonies Pour une Renaissance [&hellip;]<\/p>\n","protected":false},"author":1,"featured_media":0,"parent":0,"menu_order":0,"comment_status":"closed","ping_status":"closed","template":"","meta":{"_uag_custom_page_level_css":"","site-sidebar-layout":"default","site-content-layout":"","ast-site-content-layout":"default","site-content-style":"default","site-sidebar-style":"default","ast-global-header-display":"","ast-banner-title-visibility":"","ast-main-header-display":"","ast-hfb-above-header-display":"","ast-hfb-below-header-display":"","ast-hfb-mobile-header-display":"","site-post-title":"disabled","ast-breadcrumbs-content":"","ast-featured-img":"","footer-sml-layout":"","ast-disable-related-posts":"","theme-transparent-header-meta":"","adv-header-id-meta":"","stick-header-meta":"","header-above-stick-meta":"","header-main-stick-meta":"","header-below-stick-meta":"","astra-migrate-meta-layouts":"default","ast-page-background-enabled":"default","ast-page-background-meta":{"desktop":{"background-color":"var(--ast-global-color-5)","background-image":"","background-repeat":"repeat","background-position":"center center","background-size":"auto","background-attachment":"scroll","background-type":"","background-media":"","overlay-type":"","overlay-color":"","overlay-opacity":"","overlay-gradient":""},"tablet":{"background-color":"","background-image":"","background-repeat":"repeat","background-position":"center center","background-size":"auto","background-attachment":"scroll","background-type":"","background-media":"","overlay-type":"","overlay-color":"","overlay-opacity":"","overlay-gradient":""},"mobile":{"background-color":"","background-image":"","background-repeat":"repeat","background-position":"center center","background-size":"auto","background-attachment":"scroll","background-type":"","background-media":"","overlay-type":"","overlay-color":"","overlay-opacity":"","overlay-gradient":""}},"ast-content-background-meta":{"desktop":{"background-color":"var(--ast-global-color-4)","background-image":"","background-repeat":"repeat","background-position":"center center","background-size":"auto","background-attachment":"scroll","background-type":"","background-media":"","overlay-type":"","overlay-color":"","overlay-opacity":"","overlay-gradient":""},"tablet":{"background-color":"var(--ast-global-color-4)","background-image":"","background-repeat":"repeat","background-position":"center center","background-size":"auto","background-attachment":"scroll","background-type":"","background-media":"","overlay-type":"","overlay-color":"","overlay-opacity":"","overlay-gradient":""},"mobile":{"background-color":"var(--ast-global-color-4)","background-image":"","background-repeat":"repeat","background-position":"center center","background-size":"auto","background-attachment":"scroll","background-type":"","background-media":"","overlay-type":"","overlay-color":"","overlay-opacity":"","overlay-gradient":""}},"footnotes":""},"class_list":["post-451","page","type-page","status-publish","hentry"],"uagb_featured_image_src":{"full":false,"thumbnail":false,"medium":false,"medium_large":false,"large":false,"1536x1536":false,"2048x2048":false},"uagb_author_info":{"display_name":"admin7977","author_link":"https:\/\/grand-nuancier.org\/index.php\/author\/admin7977\/"},"uagb_comment_info":0,"uagb_excerpt":"Cr\u00e9dits des images La fable des couleurs \u00c9chantillon des \u0153uvres du Grand Nuancier Arts, sciences et harmonies Pour une Renaissance [&hellip;]","_links":{"self":[{"href":"https:\/\/grand-nuancier.org\/index.php\/wp-json\/wp\/v2\/pages\/451","targetHints":{"allow":["GET"]}}],"collection":[{"href":"https:\/\/grand-nuancier.org\/index.php\/wp-json\/wp\/v2\/pages"}],"about":[{"href":"https:\/\/grand-nuancier.org\/index.php\/wp-json\/wp\/v2\/types\/page"}],"author":[{"embeddable":true,"href":"https:\/\/grand-nuancier.org\/index.php\/wp-json\/wp\/v2\/users\/1"}],"replies":[{"embeddable":true,"href":"https:\/\/grand-nuancier.org\/index.php\/wp-json\/wp\/v2\/comments?post=451"}],"version-history":[{"count":7,"href":"https:\/\/grand-nuancier.org\/index.php\/wp-json\/wp\/v2\/pages\/451\/revisions"}],"predecessor-version":[{"id":741,"href":"https:\/\/grand-nuancier.org\/index.php\/wp-json\/wp\/v2\/pages\/451\/revisions\/741"}],"wp:attachment":[{"href":"https:\/\/grand-nuancier.org\/index.php\/wp-json\/wp\/v2\/media?parent=451"}],"curies":[{"name":"wp","href":"https:\/\/api.w.org\/{rel}","templated":true}]}}