{"id":371,"date":"2026-05-11T15:19:03","date_gmt":"2026-05-11T15:19:03","guid":{"rendered":"http:\/\/qpbbvxg.cluster121.hosting.ovh.net\/?page_id=371"},"modified":"2026-05-13T13:18:00","modified_gmt":"2026-05-13T13:18:00","slug":"paix","status":"publish","type":"page","link":"https:\/\/grand-nuancier.org\/index.php\/paix\/","title":{"rendered":"\u05e9\u05dc\u05d5\u05dd  PAIX  \u0633\u0644\u0627\u0645"},"content":{"rendered":"\n<header class=\"wp-block-uagb-advanced-heading uagb-block-f5a7fad0\"><h2 class=\"uagb-heading-text\">\u05e9\u05dc\u05d5\u05dd\u00a0\u00a0PAIX\u00a0\u00a0\u0633\u0644\u0627\u0645<\/h2><\/header>\n\n\n\n<div class=\"wp-block-uagb-container uagb-block-2807c559 alignfull uagb-is-root-container\"><div class=\"uagb-container-inner-blocks-wrap\">\n<div class=\"wp-block-columns is-layout-flex wp-container-core-columns-is-layout-28f84493 wp-block-columns-is-layout-flex\">\n<div class=\"wp-block-column is-layout-flow wp-block-column-is-layout-flow\" style=\"flex-basis:33.34%\"><\/div>\n\n\n\n<div class=\"wp-block-column is-layout-flow wp-block-column-is-layout-flow\" style=\"flex-basis:80%\">\n<figure class=\"wp-block-image aligncenter size-large\" style=\"margin-top:var(--wp--preset--spacing--40);margin-bottom:var(--wp--preset--spacing--40)\"><img loading=\"lazy\" decoding=\"async\" width=\"1024\" height=\"769\" src=\"https:\/\/grand-nuancier.org\/wp-content\/uploads\/2026\/05\/Shimon-Peres-et-Yasser-Arafat-apres-la-signature-des-accords-dOslo-en-1993-1024x769.png\" alt=\"\" class=\"wp-image-348\" style=\"aspect-ratio:1.3316133327784945\" srcset=\"https:\/\/grand-nuancier.org\/wp-content\/uploads\/2026\/05\/Shimon-Peres-et-Yasser-Arafat-apres-la-signature-des-accords-dOslo-en-1993-1024x769.png 1024w, https:\/\/grand-nuancier.org\/wp-content\/uploads\/2026\/05\/Shimon-Peres-et-Yasser-Arafat-apres-la-signature-des-accords-dOslo-en-1993-300x225.png 300w, https:\/\/grand-nuancier.org\/wp-content\/uploads\/2026\/05\/Shimon-Peres-et-Yasser-Arafat-apres-la-signature-des-accords-dOslo-en-1993-768x577.png 768w, https:\/\/grand-nuancier.org\/wp-content\/uploads\/2026\/05\/Shimon-Peres-et-Yasser-Arafat-apres-la-signature-des-accords-dOslo-en-1993.png 1400w\" sizes=\"auto, (max-width: 1024px) 100vw, 1024px\" \/><figcaption class=\"wp-element-caption\">Shimon Peres et Yasser Arafat apr\u00e8s la signature des accords d\u2019Oslo en 1993<\/figcaption><\/figure>\n<\/div>\n\n\n\n<div class=\"wp-block-column is-layout-flow wp-block-column-is-layout-flow\" style=\"flex-basis:33.33%\"><\/div>\n<\/div>\n\n\n\n<figure class=\"wp-block-image aligncenter size-large\" style=\"margin-top:var(--wp--preset--spacing--40);margin-bottom:var(--wp--preset--spacing--40)\"><img loading=\"lazy\" decoding=\"async\" width=\"1024\" height=\"405\" src=\"http:\/\/qpbbvxg.cluster121.hosting.ovh.net\/wp-content\/uploads\/2026\/05\/Vue-de-Jerusalem-depuis-le-mont-des-Oliviers--1024x405.png\" alt=\"\" class=\"wp-image-373\" srcset=\"https:\/\/grand-nuancier.org\/wp-content\/uploads\/2026\/05\/Vue-de-Jerusalem-depuis-le-mont-des-Oliviers--1024x405.png 1024w, https:\/\/grand-nuancier.org\/wp-content\/uploads\/2026\/05\/Vue-de-Jerusalem-depuis-le-mont-des-Oliviers--300x119.png 300w, https:\/\/grand-nuancier.org\/wp-content\/uploads\/2026\/05\/Vue-de-Jerusalem-depuis-le-mont-des-Oliviers--768x304.png 768w, https:\/\/grand-nuancier.org\/wp-content\/uploads\/2026\/05\/Vue-de-Jerusalem-depuis-le-mont-des-Oliviers-.png 1247w\" sizes=\"auto, (max-width: 1024px) 100vw, 1024px\" \/><figcaption class=\"wp-element-caption\">Vue de J\u00e9rusalem depuis le mont des Oliviers&nbsp;<\/figcaption><\/figure>\n\n\n\n<p><em>Si je devais aujourd\u2019hui nommer un lieu, entre tous, pour abriter et faire rayonner le Grand Nuancier<\/em>&nbsp;<em>comme symbole de paix, sans doute aucun dirais-je, moi qui suis un cosmopolite franco-suisse d\u2019origine juive et diverse, \u00ab&nbsp;J\u00e9rusalem&nbsp;\u00bb. Tout rempli d\u2019un m\u00e9lange d\u2019horreur et d\u2019espoir. L\u2019horreur face aux abominations, faisant si sinistre \u00e9cho, commises le 7 octobre et depuis, sur ces terres de haute culture plurimill\u00e9nairement plurielle, \u201ctrois fois saintes\u201d, maintes fois \u201cpromises\u201d et qui constituent h\u00e9las \u2013 les enjeux spirituels et temporels se m\u00ealant ici \u2013 l\u2019une des plus anciennes zones de conflit de l\u2019humanit\u00e9. Mais aussi l\u2019espoir, donc, le plus vif, que&nbsp;Yerushal\u00e1yim&nbsp;\/ Al Quds, au centre de cet \u00e9chiquier sans fronti\u00e8res comme probl\u00e8me et&#8230; solution, puisse un jour devenir le berceau d\u2019un nouvel \u00eatre-ensemble polychrome et harmonieux. La capitale partag\u00e9e de deux \u00c9tats f\u00e9d\u00e9r\u00e9s universellement reconnus : Isra\u00ebl &amp; Palestine. Et la \u201cmaison de famille\u201d de ces diff\u00e9rentes communaut\u00e9s \u2013 locales, r\u00e9gionales et mondiales \u2013 qui, revenues de si loin, jouiraient d\u00e9sormais de la vie r\u00e9unies. En accord avec ce que&nbsp;<\/em>J\u00e9rusalem<em>, cette \u00ab&nbsp;lumi\u00e8re pour les nations&nbsp;\u00bb, signifie en h\u00e9breu comme en arabe&nbsp;: \u00ab&nbsp;Demeure en paix&nbsp;\u00bb.<\/em><\/p>\n\n\n\n<div class=\"wp-block-uagb-advanced-heading uagb-block-d9c33b00\"><h5 class=\"uagb-heading-text\">Kim R. Rebholz, 1<sup>er<\/sup>&nbsp;ao\u00fbt 2025<\/h5><\/div>\n\n\n\n<a onclick=\"history.back()\" style=\"cursor:pointer; font-size:36px;\">\u2190<\/a>\n<\/div><\/div>\n\n\n\n<p><\/p>\n","protected":false},"excerpt":{"rendered":"<p>\u05e9\u05dc\u05d5\u05dd\u00a0\u00a0PAIX\u00a0\u00a0\u0633\u0644\u0627\u0645 Si je devais aujourd\u2019hui nommer un lieu, entre tous, pour abriter et faire rayonner le Grand Nuancier&nbsp;comme symbole de [&hellip;]<\/p>\n","protected":false},"author":1,"featured_media":0,"parent":0,"menu_order":0,"comment_status":"closed","ping_status":"closed","template":"","meta":{"_uag_custom_page_level_css":"","site-sidebar-layout":"default","site-content-layout":"","ast-site-content-layout":"default","site-content-style":"default","site-sidebar-style":"default","ast-global-header-display":"","ast-banner-title-visibility":"","ast-main-header-display":"","ast-hfb-above-header-display":"","ast-hfb-below-header-display":"","ast-hfb-mobile-header-display":"","site-post-title":"disabled","ast-breadcrumbs-content":"","ast-featured-img":"","footer-sml-layout":"","ast-disable-related-posts":"","theme-transparent-header-meta":"","adv-header-id-meta":"","stick-header-meta":"","header-above-stick-meta":"","header-main-stick-meta":"","header-below-stick-meta":"","astra-migrate-meta-layouts":"default","ast-page-background-enabled":"default","ast-page-background-meta":{"desktop":{"background-color":"var(--ast-global-color-5)","background-image":"","background-repeat":"repeat","background-position":"center center","background-size":"auto","background-attachment":"scroll","background-type":"","background-media":"","overlay-type":"","overlay-color":"","overlay-opacity":"","overlay-gradient":""},"tablet":{"background-color":"","background-image":"","background-repeat":"repeat","background-position":"center center","background-size":"auto","background-attachment":"scroll","background-type":"","background-media":"","overlay-type":"","overlay-color":"","overlay-opacity":"","overlay-gradient":""},"mobile":{"background-color":"","background-image":"","background-repeat":"repeat","background-position":"center center","background-size":"auto","background-attachment":"scroll","background-type":"","background-media":"","overlay-type":"","overlay-color":"","overlay-opacity":"","overlay-gradient":""}},"ast-content-background-meta":{"desktop":{"background-color":"var(--ast-global-color-4)","background-image":"","background-repeat":"repeat","background-position":"center center","background-size":"auto","background-attachment":"scroll","background-type":"","background-media":"","overlay-type":"","overlay-color":"","overlay-opacity":"","overlay-gradient":""},"tablet":{"background-color":"var(--ast-global-color-4)","background-image":"","background-repeat":"repeat","background-position":"center center","background-size":"auto","background-attachment":"scroll","background-type":"","background-media":"","overlay-type":"","overlay-color":"","overlay-opacity":"","overlay-gradient":""},"mobile":{"background-color":"var(--ast-global-color-4)","background-image":"","background-repeat":"repeat","background-position":"center center","background-size":"auto","background-attachment":"scroll","background-type":"","background-media":"","overlay-type":"","overlay-color":"","overlay-opacity":"","overlay-gradient":""}},"footnotes":""},"class_list":["post-371","page","type-page","status-publish","hentry"],"uagb_featured_image_src":{"full":false,"thumbnail":false,"medium":false,"medium_large":false,"large":false,"1536x1536":false,"2048x2048":false},"uagb_author_info":{"display_name":"admin7977","author_link":"https:\/\/grand-nuancier.org\/index.php\/author\/admin7977\/"},"uagb_comment_info":0,"uagb_excerpt":"\u05e9\u05dc\u05d5\u05dd\u00a0\u00a0PAIX\u00a0\u00a0\u0633\u0644\u0627\u0645 Si je devais aujourd\u2019hui nommer un lieu, entre tous, pour abriter et faire rayonner le Grand Nuancier&nbsp;comme symbole de [&hellip;]","_links":{"self":[{"href":"https:\/\/grand-nuancier.org\/index.php\/wp-json\/wp\/v2\/pages\/371","targetHints":{"allow":["GET"]}}],"collection":[{"href":"https:\/\/grand-nuancier.org\/index.php\/wp-json\/wp\/v2\/pages"}],"about":[{"href":"https:\/\/grand-nuancier.org\/index.php\/wp-json\/wp\/v2\/types\/page"}],"author":[{"embeddable":true,"href":"https:\/\/grand-nuancier.org\/index.php\/wp-json\/wp\/v2\/users\/1"}],"replies":[{"embeddable":true,"href":"https:\/\/grand-nuancier.org\/index.php\/wp-json\/wp\/v2\/comments?post=371"}],"version-history":[{"count":9,"href":"https:\/\/grand-nuancier.org\/index.php\/wp-json\/wp\/v2\/pages\/371\/revisions"}],"predecessor-version":[{"id":723,"href":"https:\/\/grand-nuancier.org\/index.php\/wp-json\/wp\/v2\/pages\/371\/revisions\/723"}],"wp:attachment":[{"href":"https:\/\/grand-nuancier.org\/index.php\/wp-json\/wp\/v2\/media?parent=371"}],"curies":[{"name":"wp","href":"https:\/\/api.w.org\/{rel}","templated":true}]}}