{"id":36,"date":"2026-05-06T15:00:24","date_gmt":"2026-05-06T15:00:24","guid":{"rendered":"http:\/\/qpbbvxg.cluster121.hosting.ovh.net\/?page_id=36"},"modified":"2026-05-13T09:31:16","modified_gmt":"2026-05-13T09:31:16","slug":"36-2","status":"publish","type":"page","link":"https:\/\/grand-nuancier.org\/","title":{"rendered":"Home"},"content":{"rendered":"\n<div class=\"wp-block-uagb-container uagb-block-065af2de alignfull uagb-is-root-container\">\n<div class=\"wp-block-uagb-container uagb-block-c4f837d2\">\n<div class=\"wp-block-uagb-image aligncenter uagb-block-cd277533 wp-block-uagb-image--layout-default wp-block-uagb-image--effect-static wp-block-uagb-image--align-center\"><figure class=\"wp-block-uagb-image__figure\"><img decoding=\"async\" srcset=\"https:\/\/grand-nuancier.org\/wp-content\/uploads\/2026\/05\/minPlan-de-travail-1-scaled.png ,https:\/\/grand-nuancier.org\/wp-content\/uploads\/2026\/05\/minPlan-de-travail-1-scaled.png 780w, https:\/\/grand-nuancier.org\/wp-content\/uploads\/2026\/05\/minPlan-de-travail-1-scaled.png 360w\" sizes=\"auto, (max-width: 480px) 150px\" src=\"https:\/\/grand-nuancier.org\/wp-content\/uploads\/2026\/05\/minPlan-de-travail-1-scaled.png\" alt=\"\" class=\"uag-image-539\" width=\"2560\" height=\"513\" title=\"minPlan de travail 1\" loading=\"lazy\" role=\"img\"\/><\/figure><\/div>\n<\/div>\n\n\n\n<div class=\"wp-block-uagb-container uagb-block-3912873f\">\n<div class=\"wp-block-uagb-advanced-heading uagb-block-1b348912\"><h1 class=\"uagb-heading-text\"> \u00ab&nbsp;C\u00e9l\u00e9brer la beaut\u00e9 de chaque<br>couleur et l\u2019harmonie de toutes&nbsp;\u00bb<\/h1><\/div>\n<\/div>\n<\/div>\n\n\n\n<hr class=\"wp-block-separator has-text-color has-black-color has-alpha-channel-opacity has-black-background-color has-background is-style-default\"\/>\n\n\n\n<div class=\"wp-block-uagb-container uagb-block-a5f52c95 alignfull uagb-is-root-container\"><div class=\"uagb-container-inner-blocks-wrap\">\n<p><\/p>\n\n\n\n<div class=\"wp-block-uagb-advanced-heading uagb-block-ec274663\"><h2 class=\"uagb-heading-text\">MENU<\/h2><\/div>\n\n\n\n<div class=\"wp-block-uagb-advanced-heading uagb-block-f2fbbaad\"><h2 class=\"uagb-heading-text\"><a href=\"https:\/\/grand-nuancier.org\/index.php\/le-plus-grand-nuancier-du-monde\/\" data-type=\"page\" data-id=\"50\"><em>Le plus grand nuancier du monde<\/em><\/a><\/h2><\/div>\n\n\n\n<div class=\"wp-block-uagb-advanced-heading uagb-block-5d69b513\"><h2 class=\"uagb-heading-text\"><a href=\"http:\/\/qpbbvxg.cluster121.hosting.ovh.net\/index.php\/la-fable-des-couleurs\/\" data-type=\"page\" data-id=\"172\"><em>La fable des couleurs<\/em><\/a><\/h2><\/div>\n\n\n\n<div class=\"wp-block-uagb-advanced-heading uagb-block-2a2dc1df\"><h2 class=\"uagb-heading-text\"><a href=\"http:\/\/qpbbvxg.cluster121.hosting.ovh.net\/index.php\/echantillon-des-oeuvres\/\" data-type=\"page\" data-id=\"103\"><em>\u00c9chantillon des \u0153uvres<\/em><\/a><\/h2><\/div>\n\n\n\n<div class=\"wp-block-uagb-advanced-heading uagb-block-6af59b62\"><h2 class=\"uagb-heading-text\"><a href=\"http:\/\/qpbbvxg.cluster121.hosting.ovh.net\/index.php\/arts-sciences-et-harmonie\/\" data-type=\"page\" data-id=\"351\"><em>Arts, sciences et harmonie<\/em><\/a><\/h2><\/div>\n\n\n\n<div class=\"wp-block-uagb-advanced-heading uagb-block-f9c58281\"><h2 class=\"uagb-heading-text\"><a href=\"http:\/\/qpbbvxg.cluster121.hosting.ovh.net\/index.php\/pour-une-renaissance-des-nations-unies\/\" data-type=\"page\" data-id=\"345\"><em>Pour une\u00a0Renaissance\u00a0des Nations\u00a0Unies<\/em><\/a><\/h2><\/div>\n\n\n\n<div class=\"wp-block-uagb-advanced-heading uagb-block-40b7b0b0\"><h2 class=\"uagb-heading-text\"><a href=\"http:\/\/qpbbvxg.cluster121.hosting.ovh.net\/index.php\/paix\/\" data-type=\"page\" data-id=\"371\">\u05e9\u05dc\u05d5\u05dd&nbsp;&nbsp;PAIX&nbsp;&nbsp;\u0633\u0644\u0627\u0645<\/a><\/h2><\/div>\n\n\n\n<div class=\"wp-block-uagb-advanced-heading uagb-block-b0f3f1e1\"><h2 class=\"uagb-heading-text\"><a href=\"http:\/\/qpbbvxg.cluster121.hosting.ovh.net\/index.php\/le-lieu-reve-du-grand-nuancier\/\" data-type=\"page\" data-id=\"340\"><em>Le lieu r\u00eav\u00e9 du Grand Nuancier<\/em><\/a><\/h2><\/div>\n\n\n\n<div class=\"wp-block-uagb-advanced-heading uagb-block-55a9880e\"><h2 class=\"uagb-heading-text\"><a href=\"http:\/\/qpbbvxg.cluster121.hosting.ovh.net\/index.php\/latelier-du-grand-nuancier\/\" data-type=\"page\" data-id=\"337\"><em>L\u2019Atelier du Grand Nuancier<\/em><\/a><\/h2><\/div>\n<\/div><\/div>\n\n\n\n<hr class=\"wp-block-separator aligncenter has-text-color has-black-color has-alpha-channel-opacity has-black-background-color has-background\" style=\"margin-top:var(--wp--preset--spacing--70);margin-bottom:var(--wp--preset--spacing--70)\"\/>\n\n\n\n<div class=\"wp-block-uagb-container uagb-block-4e9690a6 alignfull uagb-is-root-container\"><div class=\"uagb-container-inner-blocks-wrap\">\n<p><\/p>\n\n\n\n<div class=\"wp-block-uagb-advanced-heading uagb-block-956ce6d5\"><h1 class=\"uagb-heading-text\">Le Grand Nuancier et sa multitude illimit\u00e9e de couleurs se veut, tel un arc-en-ciel, avec Diversit\u00e9 \u2013 Unit\u00e9 \u2013 F\u00e9licit\u00e9 pour devise, un signe d\u2019espoir et d\u2019alliance d\u2019une communaut\u00e9 humaine o\u00f9 tous vivraient en harmonie, entre eux et avec la nature.<\/h1><\/div>\n<\/div><\/div>\n\n\n\n<p><\/p>\n","protected":false},"excerpt":{"rendered":"<p>\u00ab&nbsp;C\u00e9l\u00e9brer la beaut\u00e9 de chaquecouleur et l\u2019harmonie de toutes&nbsp;\u00bb MENU Le plus grand nuancier du monde La fable des couleurs [&hellip;]<\/p>\n","protected":false},"author":1,"featured_media":0,"parent":0,"menu_order":0,"comment_status":"closed","ping_status":"closed","template":"","meta":{"_uag_custom_page_level_css":"","site-sidebar-layout":"default","site-content-layout":"","ast-site-content-layout":"full-width-container","site-content-style":"default","site-sidebar-style":"default","ast-global-header-display":"","ast-banner-title-visibility":"","ast-main-header-display":"","ast-hfb-above-header-display":"","ast-hfb-below-header-display":"","ast-hfb-mobile-header-display":"","site-post-title":"disabled","ast-breadcrumbs-content":"","ast-featured-img":"","footer-sml-layout":"","ast-disable-related-posts":"","theme-transparent-header-meta":"","adv-header-id-meta":"","stick-header-meta":"","header-above-stick-meta":"","header-main-stick-meta":"","header-below-stick-meta":"","astra-migrate-meta-layouts":"default","ast-page-background-enabled":"default","ast-page-background-meta":{"desktop":{"background-color":"var(--ast-global-color-5)","background-image":"","background-repeat":"repeat","background-position":"center center","background-size":"auto","background-attachment":"scroll","background-type":"","background-media":"","overlay-type":"","overlay-color":"","overlay-opacity":"","overlay-gradient":""},"tablet":{"background-color":"","background-image":"","background-repeat":"repeat","background-position":"center center","background-size":"auto","background-attachment":"scroll","background-type":"","background-media":"","overlay-type":"","overlay-color":"","overlay-opacity":"","overlay-gradient":""},"mobile":{"background-color":"","background-image":"","background-repeat":"repeat","background-position":"center center","background-size":"auto","background-attachment":"scroll","background-type":"","background-media":"","overlay-type":"","overlay-color":"","overlay-opacity":"","overlay-gradient":""}},"ast-content-background-meta":{"desktop":{"background-color":"var(--ast-global-color-4)","background-image":"","background-repeat":"repeat","background-position":"center center","background-size":"auto","background-attachment":"scroll","background-type":"","background-media":"","overlay-type":"","overlay-color":"","overlay-opacity":"","overlay-gradient":""},"tablet":{"background-color":"var(--ast-global-color-4)","background-image":"","background-repeat":"repeat","background-position":"center center","background-size":"auto","background-attachment":"scroll","background-type":"","background-media":"","overlay-type":"","overlay-color":"","overlay-opacity":"","overlay-gradient":""},"mobile":{"background-color":"var(--ast-global-color-4)","background-image":"","background-repeat":"repeat","background-position":"center center","background-size":"auto","background-attachment":"scroll","background-type":"","background-media":"","overlay-type":"","overlay-color":"","overlay-opacity":"","overlay-gradient":""}},"footnotes":""},"class_list":["post-36","page","type-page","status-publish","hentry"],"uagb_featured_image_src":{"full":false,"thumbnail":false,"medium":false,"medium_large":false,"large":false,"1536x1536":false,"2048x2048":false},"uagb_author_info":{"display_name":"admin7977","author_link":"https:\/\/grand-nuancier.org\/index.php\/author\/admin7977\/"},"uagb_comment_info":0,"uagb_excerpt":"\u00ab&nbsp;C\u00e9l\u00e9brer la beaut\u00e9 de chaquecouleur et l\u2019harmonie de toutes&nbsp;\u00bb MENU Le plus grand nuancier du monde La fable des couleurs [&hellip;]","_links":{"self":[{"href":"https:\/\/grand-nuancier.org\/index.php\/wp-json\/wp\/v2\/pages\/36","targetHints":{"allow":["GET"]}}],"collection":[{"href":"https:\/\/grand-nuancier.org\/index.php\/wp-json\/wp\/v2\/pages"}],"about":[{"href":"https:\/\/grand-nuancier.org\/index.php\/wp-json\/wp\/v2\/types\/page"}],"author":[{"embeddable":true,"href":"https:\/\/grand-nuancier.org\/index.php\/wp-json\/wp\/v2\/users\/1"}],"replies":[{"embeddable":true,"href":"https:\/\/grand-nuancier.org\/index.php\/wp-json\/wp\/v2\/comments?post=36"}],"version-history":[{"count":64,"href":"https:\/\/grand-nuancier.org\/index.php\/wp-json\/wp\/v2\/pages\/36\/revisions"}],"predecessor-version":[{"id":731,"href":"https:\/\/grand-nuancier.org\/index.php\/wp-json\/wp\/v2\/pages\/36\/revisions\/731"}],"wp:attachment":[{"href":"https:\/\/grand-nuancier.org\/index.php\/wp-json\/wp\/v2\/media?parent=36"}],"curies":[{"name":"wp","href":"https:\/\/api.w.org\/{rel}","templated":true}]}}