{"id":345,"date":"2026-05-11T14:23:15","date_gmt":"2026-05-11T14:23:15","guid":{"rendered":"http:\/\/qpbbvxg.cluster121.hosting.ovh.net\/?page_id=345"},"modified":"2026-05-13T13:11:36","modified_gmt":"2026-05-13T13:11:36","slug":"pour-une-renaissance-des-nations-unies","status":"publish","type":"page","link":"https:\/\/grand-nuancier.org\/index.php\/pour-une-renaissance-des-nations-unies\/","title":{"rendered":"Pour une Renaissance des Nations Unies"},"content":{"rendered":"\n<header class=\"wp-block-uagb-advanced-heading uagb-block-f5a7fad0\"><h2 class=\"uagb-heading-text\">Pour une Renaissance des Nations Unies<\/h2><\/header>\n\n\n\n<div class=\"wp-block-uagb-advanced-heading uagb-block-55e4e1fa\"><h3 class=\"uagb-heading-text\">Tribune &#8211; p\u00e9tition<\/h3><\/div>\n\n\n\n<div class=\"wp-block-uagb-container uagb-block-2807c559 alignfull uagb-is-root-container\"><div class=\"uagb-container-inner-blocks-wrap\">\n<p>Alors que l\u2019humanit\u00e9 conna\u00eet aujourd\u2019hui, \u00e0 l\u2019\u00e8re de l\u2019Anthropoc\u00e8ne, c\u2019est-\u00e0-dire de son propre fait, une crise sans pr\u00e9c\u00e9dent, toutes \u00e9poques confondues de son Histoire&nbsp;; une crise holistique \u2013 tout \u00e0 la fois politique, \u00e9conomique, sociale, sanitaire, \u00e9cologique, \u00e9nerg\u00e9tique, militaire et&#8230; morale \u2013 qui menace notre existence m\u00eame et celle de toute vie sur Terre&nbsp;; si l\u2019ONU est plus faible que jamais, \u00e9toile devenue simple figurante et observatrice au milieu du&nbsp;<em>Grand Jeu<\/em>, l\u2019Organisation des Nations Unies est aussi plus importante que jamais pour d\u00e9passer ce moment critique&nbsp;;&nbsp;et si le multilat\u00e9ralisme se meurt, c\u2019est que l\u2019<em>omnilat\u00e9ralisme<\/em>&nbsp;est de rigueur&nbsp;!<\/p>\n\n\n\n<p>Cette organisation, cr\u00e9\u00e9e en 1945, au sortir de la Seconde guerre mondiale et son cort\u00e8ge d\u2019horreurs jusqu\u2019alors inconnues, sur le th\u00e8me \u2013&nbsp;apr\u00e8s la \u201cDer des ders\u201d de 14-18 et l\u2019\u00e9chec de la Soci\u00e9t\u00e9 des Nations \u2013&nbsp;du \u00ab&nbsp;plus jamais \u00e7a&nbsp;\u00bb, afin de nous mettre enfin sur la bonne voie, celle de la paix, de la justice et du bien-\u00eatre, dans un environnement prot\u00e9g\u00e9, \u00e0 l\u2019\u00e9chelle globale, certes on entendra dire \u00e0 l\u2019envi, malgr\u00e9 tant de succ\u00e8s patents, qu\u2019elle a manqu\u00e9 son but, qu\u2019elle est impuissante,&nbsp;c\u2019est-\u00e0-dire inutile.&nbsp;Non sans s\u2019efforcer, toutefois, de r\u00e9fl\u00e9chir, de r\u00e9pondre et de faire, dans la mesure du possible,&nbsp;entendre raison, comme \u00e0 qui accuserait la m\u00e9decine de ne pas nous gu\u00e9rir de la mort.&nbsp;<\/p>\n\n\n\n<p>Car la situation de l\u2019ONU n\u2019est rien que la somme des bonnes (et mauvaises) volont\u00e9s des \u00c9tats qui la constituent. Elle est le fid\u00e8le miroir de notre monde. Et ceux de nos dirigeants qui la critiquent le plus cruellement, affirmant qu\u2019elle est l\u2019instrument des&nbsp;<em>losers<\/em>&nbsp;et qu\u2019elle co\u00fbte trop cher \u2013&nbsp;quand le budget de l\u2019ensemble du&nbsp;<em>Syst\u00e8me<\/em>&nbsp;des Nations Unies (CIJ, OMS, UNICEF, UNESCO, FAO, FMI, PNUD, etc.) n\u2019atteint pas le centi\u00e8me des d\u00e9penses militaires mondiales \u2013, ceux-l\u00e0 sont les premiers responsables, \u00e0 dessein, de sa faiblesse, cherchant tout bonnement \u00e0 la supprimer ou la remplacer par quelque structure&nbsp;<em>ad hoc<\/em>&nbsp;et de fantaisie, au service exclusif d\u2019int\u00e9r\u00eats chauvins, priv\u00e9s et personnels.<\/p>\n\n\n\n<p>Mais, que les \u201cfaits alternatifs\u201d ne nous trompent pas : de m\u00eame que les si ind\u00e9niables changement climatique et effondrement de la biodiversit\u00e9, les in\u00e9galit\u00e9s croissantes et la famine, les pand\u00e9mies et les guerres, un incident ou,&nbsp;<em>a fortiori<\/em>, un conflit nucl\u00e9aire, sont sans fronti\u00e8res&nbsp;; de m\u00eame le solutionnement de ces catastrophes en cours ou possibles \u2013&nbsp;sans parler de l\u2019atteinte des&nbsp;<em>Objectifs de D\u00e9veloppement Durable<\/em>&nbsp;(dont l\u2019horizon recule sans cesse) \u2013 exige-t-il une coordination mondiale dont l\u2019ONU seule est en mesure de fournir le cadre. Aussi les Nations Unies sont-elles, en effet, irrempla\u00e7ables. Et \u00e0 la question du \u00ab&nbsp;<em>plus&nbsp;<\/em>de Nations Unies ou&nbsp;<em>plus&nbsp;<\/em>de Nations Unies&nbsp;?&nbsp;\u00bb, faut-il r\u00e9pondre sans h\u00e9siter&nbsp;: +&nbsp;! Cela ne signifiant nullement \u2013&nbsp;quand les nations sont plus&nbsp;<em>d\u00e9sunies<\/em>&nbsp;que jamais par les m\u00e9faits de leaders nationaux-populistes, alors que les peuples, comme les individus en g\u00e9n\u00e9ral, n\u2019aspirent qu\u2019\u00e0 s\u2019aimer les uns les autres \u2013, cela ne signifiant nullement, donc, que ces Nations Unies ne soient pas perfectibles, et m\u00eame&#8230; extr\u00eamement. Cela impliquant donc, tout au contraire, que c\u2019est \u00e0 ce perfectionnement qu\u2019il est imp\u00e9rieux de s\u2019employer, d\u2019urgence et \u00e0 toute force.<\/p>\n\n\n\n<p>Si les Nations Unies n\u2019ont que les moyens qu\u2019on leur donne, il faut certes leur accorder bien davantage, quantitativement et qualitativement, en ce qu\u2019elles sont le c\u0153ur et la t\u00eate d\u2019une coop\u00e9ration internationale indispensable \u00e0 notre survie et notre bonheur collectifs. Restaurer la confiance g\u00e9n\u00e9rale en celles-ci est donc capital. Mais cela ne saurait se produire, tant le passif est cons\u00e9quent, sans un \u00e9lectrochoc suivi d\u2019une r\u00e9forme en profondeur de l\u2019ONU, qui est celle d\u2019abord de l\u2019esprit des nations et leurs dirigeants, sur la base d\u2019un f\u00e9d\u00e9ralisme mondial et d\u00e9mocratique&nbsp;: une v\u00e9ritable Renaissance.<\/p>\n\n\n\n<p>Les grandes lignes de cette r\u00e9forme et cette nouvelle&nbsp;<em>F\u00e9d\u00e9ration des Nations Unies<\/em>sont les suivantes&nbsp;:<\/p>\n\n\n\n<ul class=\"wp-block-list\">\n<li>Une transmutation des Nations Unies, lesquelles \u00e9volueraient du statut d\u2019organisation internationale \u00e0 caract\u00e8re essentiellement consultatif \u00e0 celui d\u2019\u00c9tat f\u00e9d\u00e9ral supranational o\u00f9 coexistent trois pouvoirs : l\u00e9gislatif (\u00e9laboration de la loi par un Parlement Mondial), ex\u00e9cutif (application de la loi par un Gouvernement F\u00e9d\u00e9ral) et judiciaire (contr\u00f4le et sanction en cas de non-application de la loi par la Cour Internationale de Justice).<\/li>\n\n\n\n<li>Adh\u00e9sion libre et inclusive : l\u2019<em>\u00c9tat f\u00e9d\u00e9ral&nbsp;<\/em>doit par d\u00e9finition \u00eatre ouvert \u00e0 tous les \u00c9tats (les&nbsp;<em>\u00c9tats f\u00e9d\u00e9r\u00e9s<\/em>) de la Terre, cens\u00e9s repr\u00e9senter l\u2019ensemble des peuples et nations, dans le respect du droit \u00e0 l\u2019autod\u00e9termination.<\/li>\n\n\n\n<li>Une souverainet\u00e9 partag\u00e9e entre l\u2019\u00c9tat f\u00e9d\u00e9ral et des \u00c9tats f\u00e9d\u00e9r\u00e9s des Nations Unies, suivant le principe de&nbsp;subsidiarit\u00e9&nbsp;:&nbsp;la responsabilit\u00e9 d\u2019une action publique devra \u00eatre allou\u00e9e \u00e0 la plus petite entit\u00e9 pour \u00eatre la plus juste et efficace, en respectant et valorisant les particularit\u00e9s locales&nbsp;; ainsi, les diff\u00e9rentes comp\u00e9tences seront-elles d\u00e9finies et r\u00e9parties entre les diff\u00e9rents \u00e9chelons&nbsp;; si l\u2019un d\u2019eux, par exemple un \u00c9tat national, n\u2019est pas en mesure de s\u2019acquitter au mieux d\u2019une t\u00e2che pour l\u2019int\u00e9r\u00eat g\u00e9n\u00e9ral, c\u2019est le niveau sup\u00e9rieur, la F\u00e9d\u00e9ration mondiale en l\u2019occurrence (ou, le cas \u00e9ch\u00e9ant, une entit\u00e9 r\u00e9gionale int\u00e9gr\u00e9e) qui en aura la charge.<\/li>\n\n\n\n<li>La formation ou consolidation d\u2019entit\u00e9s r\u00e9gionales sur le mod\u00e8le f\u00e9d\u00e9ral, dans la mesure o\u00f9 elles ne deviennent pas une fin en soi ou ne risquent pas de se cristalliser en blocs antagonistes, mais contribuent bien plut\u00f4t \u00e0 un meilleur fonctionnement, int\u00e9gr\u00e9, des Nations Unies.<\/li>\n\n\n\n<li>L\u2019organisation du pouvoir tripartite au sein des Nations Unies \u2013&nbsp;la prise de d\u00e9cision notamment \u2013&nbsp;devra \u00eatre la plus \u00e9quitable possible pour tous ses membres et leurs citoyens, suivant le principe&nbsp;:&nbsp;<em>chaque \u00eatre humain \u00e9gale une voix<\/em>.<\/li>\n\n\n\n<li>Le renforcement des partenariats et du r\u00f4le consultatif de la soci\u00e9t\u00e9 civile et la sph\u00e8re des entreprises avec et au sein des Nations Unies.<\/li>\n\n\n\n<li>L\u2019application du droit mondial directement \u00e0 l\u2019individu, quels que soient son identit\u00e9 et son lieu de r\u00e9sidence, dans le cadre de la comp\u00e9tence de l\u2019\u00c9tat f\u00e9d\u00e9ral mondial : garantie des droits de l\u2019homme et r\u00e9pression de toute atteinte \u00e0 la s\u00e9curit\u00e9 des Nations Unies.<\/li>\n\n\n\n<li>En mati\u00e8re de s\u00e9curit\u00e9&nbsp;: cr\u00e9ation de forces arm\u00e9es internationales capables d\u2019assurer la s\u00e9curit\u00e9 de l\u2019ensemble des \u00c9tats f\u00e9d\u00e9r\u00e9s et de l\u2019\u00c9tat f\u00e9d\u00e9ral lui-m\u00eame ; d\u00e9sarmement volontaire des \u00c9tats f\u00e9d\u00e9r\u00e9s \u2013&nbsp;\u00e0 l\u2019exemple du Costa Rica \u2013&nbsp;jusqu\u2019\u00e0 un niveau correspondant \u00e0 leurs seuls besoins en mati\u00e8re de maintien de l\u2019ordre int\u00e9rieur (police et autres services)&nbsp;; destruction et pr\u00e9vention des&nbsp;<em>Armes de Destruction Massive<\/em>&nbsp;(arsenaux nucl\u00e9aires, radiologiques, chimiques, biologiques et technologiques)&nbsp;; acquisition des outils de gestion des risques naturels et technologiques, infra-atmosph\u00e9riques et extra-atmosph\u00e9riques (satellites, g\u00e9ocroiseurs, etc.).<\/li>\n\n\n\n<li>En mati\u00e8re de d\u00e9veloppement &amp; environnement&nbsp;: disposer des moyens suffisants \u2013&nbsp;financiers, humains et techniques, les besoins \u00e9tant colossaux \u2013&nbsp;pour r\u00e9aliser les dix-sept&nbsp;<em>Objectifs de D\u00e9veloppement Durable&nbsp;<\/em>(ou ODD) plus un dix-huiti\u00e8me&nbsp;:&nbsp;<em>Culture pour tous<\/em>, afin que toutes les formes de vie puissent \u201ccohabiter notre plan\u00e8te en harmonie\u201d.<\/li>\n<\/ul>\n\n\n\n<p><\/p>\n\n\n\n<p>Face \u00e0 la logique des \u201cempires\u201d qu\u2019ils jugent, sinon pr\u00e9f\u00e9rable, du moins irr\u00e9m\u00e9diable, d\u2019aucuns taxeront&nbsp;ce f\u00e9d\u00e9ralisme mondial, que l\u2019ONU porte pourtant en germe, de na\u00eff ; mettant sur le m\u00eame banc des \u201cr\u00eaveurs\u201d que mon humble personne et bien d\u2019autres : Albert Einstein, Winston Churchill, Albert Camus, Harry S. Truman, Thomas Mann, Jean XXIII, Bertrand Russell, Margaret Mead, Hideki Yukawa, Willy Brandt, Jawaharlal Nehru, Martin Luther King, John F. Kennedy, Ir\u00e8ne et Fr\u00e9d\u00e9ric Joliot-Curie, Jos\u00e9 Figueres Ferrer, Peter Ustinov, Desmond Tutu, Mikhail Gorbatchev, etc.&nbsp;; quand pareille liste (nullement exhaustive) de h\u00e9rauts de cette id\u00e9e, compl\u00e9mentaires dans leurs diff\u00e9rences, suffit \u00e0 lui apporter un fameux d\u00e9menti de candeur et un label de sagacit\u00e9. Il est vrai que tous ces visionnaires illustres, aussi cosmopolites que champions de leurs propres \u201cpatries\u201d (pays, arts, science, foi), ont cet \u201cavantage\u201d sur tant de nos contemporains dits \u201cr\u00e9alistes\u201d, avantage qui est certes aussi un terrible malheur, d\u2019avoir v\u00e9cu en direct, avec les positions \u00e9minentes que l\u2019on sait, ces \u00e9v\u00e9nements si \u00e9clairants dans leur insondable noirceur&nbsp;: nazisme, Shoah, Hiroshima &amp; Nagasaki, stalinisme \u2014 tout ceci expliquant probablement cela. Mais, quoi&nbsp;? Nos infortunes \u00e0 nous, en cette premi\u00e8re moiti\u00e9 de XXI<sup>e<\/sup>&nbsp;si\u00e8cle, ne sont pourtant pas des bagatelles&nbsp;! Faut-il donc que nous ayons \u00e0 ce point perdu, en plus de la m\u00e9moire, la vue et les autres sens&nbsp;? Incapables de faire le lien entre le pass\u00e9, le pr\u00e9sent, le futur et de r\u00e9agir&nbsp;?<\/p>\n\n\n\n<p>Quand ces mots, si actuels, furent \u00e9crits en 1947 et 1948 respectivement&nbsp;:&nbsp;<\/p>\n\n\n\n<p><em>\u00ab&nbsp;\u00c0 mon sens, voici le moyen pour les nations du monde de briser le cercle vicieux qui menace la survie m\u00eame de l\u2019humanit\u00e9, comme aucune autre situation dans l\u2019histoire de l\u2019humanit\u00e9 ne l\u2019a jamais fait. [\u2026] Les Nations Unies doivent agir avec la plus grande rapidit\u00e9 pour cr\u00e9er les conditions n\u00e9cessaires \u00e0 la s\u00e9curit\u00e9 internationale en jetant les bases d\u2019un v\u00e9ritable gouvernement mondial.&nbsp;\u00bb&nbsp;&nbsp;<\/em>\/&nbsp;Albert Einstein,&nbsp;<em>Lettre ouverte \u00e0 l\u2019Assembl\u00e9e G\u00e9n\u00e9rale des Nations Unies<\/em><\/p>\n\n\n\n<p><em>\u00ab&nbsp;Tous les \u00eatres humains naissent libres et \u00e9gaux en dignit\u00e9 et en droits. Ils sont dou\u00e9s de raison et de conscience et doivent agir les uns envers les autres dans un esprit de fraternit\u00e9.&nbsp;\u00bb<\/em>&nbsp;\/&nbsp;Nations Unies,&nbsp;<em>D\u00e9claration universelle des droits de l\u2019homme \u2013&nbsp;Article premier<\/em><\/p>\n\n\n\n<p>Qui donc pouvait penser qu\u2019en 2026 nous en serions l\u00e0, encore moins fraternels et bien plus proches de l\u2019ab\u00eeme qu\u2019alors&nbsp;? Les pessimistes.<\/p>\n\n\n\n<p>De m\u00eame pour nous aujourd\u2019hui&#8230; Qui pourrait imaginer que l\u2019humanit\u00e9 survive jusqu\u2019en 2100 sans un sursaut majeur dont nos parents les plus sages nous ont donn\u00e9 les cl\u00e9s et l\u2019impulsion ? Les optimistes.<\/p>\n\n\n\n<p>Assur\u00e9ment, une telle perspective de progr\u00e8s des Nations Unies trouvera sur sa route des inerties et des opposants de tout poil : des irresponsables politiques aux lobbies tout-puissants, si inquiets pour l\u2019avenir&#8230; de leurs pouvoir et profits seuls, en passant par la pure paresse des corps et des \u00e2mes. Convaincre sera difficile. Mais, avons-nous seulement le choix&nbsp;? Laisserons-nous notre barque continuer sa d\u00e9rive vers le maelstrom abyssal, sans rien faire, lors m\u00eame que nous avons des rames et des bras&nbsp;? La courte vue l\u2019emporter sur la longue, la force brute triompher du droit, quand nous sommes \u00ab&nbsp;dou\u00e9s de raison et de conscience&nbsp;\u00bb&nbsp;? Non.<\/p>\n\n\n\n<p>Alors courage, concitoyens du monde, mobilisons-nous tous ensemble&nbsp;! Car le combat pour les Nations Unies est une cause sacr\u00e9e&nbsp;: celle \u2013&nbsp;apr\u00e8s le D\u00e9luge de notre&nbsp;<em>hubris<\/em>&nbsp;\u2013 de la colombe, du rameau d\u2019olivier et de l\u2019arc-en-ciel. Pour que tous les enfants de la Terre vivent enfin en paix, pour l\u2019\u00e9ternit\u00e9, sur une plan\u00e8te redevenue \u2013 apr\u00e8s un champ de bataille \u2013&nbsp;un jardin.<\/p>\n\n\n\n<div class=\"wp-block-uagb-advanced-heading uagb-block-e5b188d2\"><h5 class=\"uagb-heading-text\">Kim R. Rebholz, 9 avril 2026<\/h5><\/div>\n\n\n\n<p class=\"has-text-align-center has-black-color has-ast-global-color-5-background-color has-text-color has-background has-link-color has-medium-font-size wp-elements-6495f9b99a9d34ddf2464b13b5ab97bb\"><strong>Signez la p\u00e9tition en ligne sur le site de l\u2019<a href=\"https:\/\/petitions.assemblee-nationale.fr\/?locale=fr\" data-type=\"link\" data-id=\"https:\/\/petitions.assemblee-nationale.fr\/?locale=fr\">Assembl\u00e9e nationale fran\u00e7aise<\/a>\u00a0<\/strong><\/p>\n\n\n\n<p class=\"has-text-align-center has-black-color has-ast-global-color-5-background-color has-text-color has-background has-link-color has-medium-font-size wp-elements-a64e6a04ebb0fe40bee197b5a676a94d\"><strong>et sur la plateforme\u00a0<a href=\"https:\/\/www.change.org\" data-type=\"link\" data-id=\"https:\/\/www.change.org\">change.org<\/a><\/strong><\/p>\n\n\n\n<figure class=\"wp-block-image aligncenter size-large\" style=\"margin-top:var(--wp--preset--spacing--70);margin-bottom:var(--wp--preset--spacing--70)\"><img loading=\"lazy\" decoding=\"async\" width=\"1024\" height=\"501\" src=\"http:\/\/qpbbvxg.cluster121.hosting.ovh.net\/wp-content\/uploads\/2026\/05\/Les-17-Objectifs-de-Developpement-Durable-ODD-des-Nations-Unies-dont-le-Grand-Nuancier-se-veut-un-porte-drapeau--1024x501.png\" alt=\"\" class=\"wp-image-347\" srcset=\"https:\/\/grand-nuancier.org\/wp-content\/uploads\/2026\/05\/Les-17-Objectifs-de-Developpement-Durable-ODD-des-Nations-Unies-dont-le-Grand-Nuancier-se-veut-un-porte-drapeau--1024x501.png 1024w, https:\/\/grand-nuancier.org\/wp-content\/uploads\/2026\/05\/Les-17-Objectifs-de-Developpement-Durable-ODD-des-Nations-Unies-dont-le-Grand-Nuancier-se-veut-un-porte-drapeau--300x147.png 300w, https:\/\/grand-nuancier.org\/wp-content\/uploads\/2026\/05\/Les-17-Objectifs-de-Developpement-Durable-ODD-des-Nations-Unies-dont-le-Grand-Nuancier-se-veut-un-porte-drapeau--768x376.png 768w, https:\/\/grand-nuancier.org\/wp-content\/uploads\/2026\/05\/Les-17-Objectifs-de-Developpement-Durable-ODD-des-Nations-Unies-dont-le-Grand-Nuancier-se-veut-un-porte-drapeau--1536x752.png 1536w, https:\/\/grand-nuancier.org\/wp-content\/uploads\/2026\/05\/Les-17-Objectifs-de-Developpement-Durable-ODD-des-Nations-Unies-dont-le-Grand-Nuancier-se-veut-un-porte-drapeau-.png 1577w\" sizes=\"auto, (max-width: 1024px) 100vw, 1024px\" \/><figcaption class=\"wp-element-caption\">Les 17 Objectifs de D\u00e9veloppement Durable (ODD) des Nations Unies dont le Grand Nuancier se veut un porte-drapeau<\/figcaption><\/figure>\n\n\n\n<a onclick=\"history.back()\" style=\"cursor:pointer; font-size:36px;\">\u2190<\/a>\n<\/div><\/div>\n\n\n\n<p><\/p>\n","protected":false},"excerpt":{"rendered":"<p>Pour une Renaissance des Nations Unies Tribune &#8211; p\u00e9tition Alors que l\u2019humanit\u00e9 conna\u00eet aujourd\u2019hui, \u00e0 l\u2019\u00e8re de l\u2019Anthropoc\u00e8ne, c\u2019est-\u00e0-dire de [&hellip;]<\/p>\n","protected":false},"author":1,"featured_media":0,"parent":0,"menu_order":0,"comment_status":"closed","ping_status":"closed","template":"","meta":{"_uag_custom_page_level_css":"","site-sidebar-layout":"default","site-content-layout":"","ast-site-content-layout":"default","site-content-style":"default","site-sidebar-style":"default","ast-global-header-display":"","ast-banner-title-visibility":"","ast-main-header-display":"","ast-hfb-above-header-display":"","ast-hfb-below-header-display":"","ast-hfb-mobile-header-display":"","site-post-title":"disabled","ast-breadcrumbs-content":"","ast-featured-img":"","footer-sml-layout":"","ast-disable-related-posts":"","theme-transparent-header-meta":"","adv-header-id-meta":"","stick-header-meta":"","header-above-stick-meta":"","header-main-stick-meta":"","header-below-stick-meta":"","astra-migrate-meta-layouts":"default","ast-page-background-enabled":"default","ast-page-background-meta":{"desktop":{"background-color":"var(--ast-global-color-5)","background-image":"","background-repeat":"repeat","background-position":"center center","background-size":"auto","background-attachment":"scroll","background-type":"","background-media":"","overlay-type":"","overlay-color":"","overlay-opacity":"","overlay-gradient":""},"tablet":{"background-color":"","background-image":"","background-repeat":"repeat","background-position":"center center","background-size":"auto","background-attachment":"scroll","background-type":"","background-media":"","overlay-type":"","overlay-color":"","overlay-opacity":"","overlay-gradient":""},"mobile":{"background-color":"","background-image":"","background-repeat":"repeat","background-position":"center center","background-size":"auto","background-attachment":"scroll","background-type":"","background-media":"","overlay-type":"","overlay-color":"","overlay-opacity":"","overlay-gradient":""}},"ast-content-background-meta":{"desktop":{"background-color":"var(--ast-global-color-4)","background-image":"","background-repeat":"repeat","background-position":"center center","background-size":"auto","background-attachment":"scroll","background-type":"","background-media":"","overlay-type":"","overlay-color":"","overlay-opacity":"","overlay-gradient":""},"tablet":{"background-color":"var(--ast-global-color-4)","background-image":"","background-repeat":"repeat","background-position":"center center","background-size":"auto","background-attachment":"scroll","background-type":"","background-media":"","overlay-type":"","overlay-color":"","overlay-opacity":"","overlay-gradient":""},"mobile":{"background-color":"var(--ast-global-color-4)","background-image":"","background-repeat":"repeat","background-position":"center center","background-size":"auto","background-attachment":"scroll","background-type":"","background-media":"","overlay-type":"","overlay-color":"","overlay-opacity":"","overlay-gradient":""}},"footnotes":""},"class_list":["post-345","page","type-page","status-publish","hentry"],"uagb_featured_image_src":{"full":false,"thumbnail":false,"medium":false,"medium_large":false,"large":false,"1536x1536":false,"2048x2048":false},"uagb_author_info":{"display_name":"admin7977","author_link":"https:\/\/grand-nuancier.org\/index.php\/author\/admin7977\/"},"uagb_comment_info":0,"uagb_excerpt":"Pour une Renaissance des Nations Unies Tribune &#8211; p\u00e9tition Alors que l\u2019humanit\u00e9 conna\u00eet aujourd\u2019hui, \u00e0 l\u2019\u00e8re de l\u2019Anthropoc\u00e8ne, c\u2019est-\u00e0-dire de [&hellip;]","_links":{"self":[{"href":"https:\/\/grand-nuancier.org\/index.php\/wp-json\/wp\/v2\/pages\/345","targetHints":{"allow":["GET"]}}],"collection":[{"href":"https:\/\/grand-nuancier.org\/index.php\/wp-json\/wp\/v2\/pages"}],"about":[{"href":"https:\/\/grand-nuancier.org\/index.php\/wp-json\/wp\/v2\/types\/page"}],"author":[{"embeddable":true,"href":"https:\/\/grand-nuancier.org\/index.php\/wp-json\/wp\/v2\/users\/1"}],"replies":[{"embeddable":true,"href":"https:\/\/grand-nuancier.org\/index.php\/wp-json\/wp\/v2\/comments?post=345"}],"version-history":[{"count":20,"href":"https:\/\/grand-nuancier.org\/index.php\/wp-json\/wp\/v2\/pages\/345\/revisions"}],"predecessor-version":[{"id":714,"href":"https:\/\/grand-nuancier.org\/index.php\/wp-json\/wp\/v2\/pages\/345\/revisions\/714"}],"wp:attachment":[{"href":"https:\/\/grand-nuancier.org\/index.php\/wp-json\/wp\/v2\/media?parent=345"}],"curies":[{"name":"wp","href":"https:\/\/api.w.org\/{rel}","templated":true}]}}