{"id":340,"date":"2026-05-11T14:02:14","date_gmt":"2026-05-11T14:02:14","guid":{"rendered":"http:\/\/qpbbvxg.cluster121.hosting.ovh.net\/?page_id=340"},"modified":"2026-05-13T13:23:18","modified_gmt":"2026-05-13T13:23:18","slug":"le-lieu-reve-du-grand-nuancier","status":"publish","type":"page","link":"https:\/\/grand-nuancier.org\/index.php\/le-lieu-reve-du-grand-nuancier\/","title":{"rendered":"Le lieu r\u00eav\u00e9 du Grand Nuancier"},"content":{"rendered":"\n<header class=\"wp-block-uagb-advanced-heading uagb-block-f5a7fad0\"><h2 class=\"uagb-heading-text\">Le lieu r\u00eav\u00e9 du Grand Nuancier<\/h2><\/header>\n\n\n\n<div class=\"wp-block-uagb-container uagb-block-2807c559 alignfull uagb-is-root-container\"><div class=\"uagb-container-inner-blocks-wrap\">\n<blockquote class=\"wp-block-quote has-text-align-center is-layout-flow wp-block-quote-is-layout-flow\">\n<p class=\"has-text-align-left\"><em>\u00ab&nbsp;Quant au lieu pour abriter le Grand Nuancier, mon v\u0153u est celui d\u2019un espace d\u00e9di\u00e9&nbsp;: un lieu paisible o\u00f9 il sera donn\u00e9, en une installation permanente et sans cesse changeante, de contempler \u2013&nbsp;une multitude de couleurs pour une infinit\u00e9 d\u2019\u00eatres \u2013 l\u2019un(e), l\u2019autre, l\u2019ensemble, et l\u2019harmonie qui peut en na\u00eetre.&nbsp;\u00bb<\/em> <\/p>\n<cite>K.R.R<\/cite><\/blockquote>\n\n\n\n<p><\/p>\n\n\n\n<p>Le concept du lieu qui serait construit \u00e0 J\u00e9rusalem (ou, le cas \u00e9ch\u00e9ant, ailleurs&#8230;) afin d\u2019abriter les \u0153uvres du Grand Nuancier&nbsp;lest le suivant&nbsp;\u2014 pens\u00e9 pour s\u2019adapter, g\u00e9om\u00e9triquement et topologiquement en particulier, \u00e0 tous les types de terrain (le lieu exact, avec ses caract\u00e9ristiques propres et environnementales, \u00e9tant pour le moment ind\u00e9termin\u00e9).<\/p>\n\n\n\n<p>Il s\u2019agirait d\u2019un ensemble de modules circulaires de diff\u00e9rents rayons, b\u00e2tis sur trois niveaux, reli\u00e9s directement les uns aux autres selon une souple disposition, d\u00e9pliant ainsi l\u2019espace d\u2019exposition, situ\u00e9 \u00e0 l\u2019\u00e9tage sup\u00e9rieur, en une suite continue d\u2019arcs de cercle de longueurs et d\u2019orientations vari\u00e9es, formant un parcours particuli\u00e8rement immersif et vivant, permettant au Grand Nuancier de se d\u00e9ployer aux yeux du spectateur, \u00ab&nbsp;en une succession d\u2019arcs-en-ciel&nbsp;\u00bb, dans toute sa diversit\u00e9 et son unit\u00e9.<\/p>\n\n\n\n<p>Tandis que le premier \u00e9tage serait d\u00e9volu \u00e0 la conservation des \u0153uvres et \u00e0 l\u2019administration, le rez-de-jardin du b\u00e2timent comprendrait notamment, quant \u00e0 lui, le centre d\u2019interpr\u00e9tation du Grand Nuancier, des ateliers (la \u201cfabrique\u201d du Grand Nuancier), une salle de r\u00e9union, une caf\u00e9taria et la boutique du mus\u00e9e.<\/p>\n\n\n\n<p>Le Grand Nuancier se voulant \u00ab&nbsp;un signe d\u2019espoir et d\u2019alliance d\u2019une communaut\u00e9 humaine o\u00f9 tous vivraient en harmonie, entre eux et avec la nature&nbsp;\u00bb, son b\u00e2timent d\u00e9di\u00e9 serait (\u00e9cologiquement) construit au sein d\u2019un milieu pr\u00e9serv\u00e9, entour\u00e9 d\u2019un beau jardin, en retrait du tumulte m\u00e9tropolitain, bien que facilement accessible au plus grand nombre de visiteurs (r\u00e9sidents locaux et touristes).<\/p>\n\n\n\n<figure class=\"wp-block-image aligncenter size-large is-resized\" style=\"margin-top:0;margin-right:0;margin-bottom:0;margin-left:0\"><img loading=\"lazy\" decoding=\"async\" width=\"1024\" height=\"721\" src=\"https:\/\/grand-nuancier.org\/wp-content\/uploads\/2026\/05\/Le-concept-de-structure-modulaire-circulaire-et-adaptable-du-batiment-du-Grand-Nuancier-1024x721.png\" alt=\"\" class=\"wp-image-342\" style=\"aspect-ratio:1.420265412098886;width:821px;height:auto\" srcset=\"https:\/\/grand-nuancier.org\/wp-content\/uploads\/2026\/05\/Le-concept-de-structure-modulaire-circulaire-et-adaptable-du-batiment-du-Grand-Nuancier-1024x721.png 1024w, https:\/\/grand-nuancier.org\/wp-content\/uploads\/2026\/05\/Le-concept-de-structure-modulaire-circulaire-et-adaptable-du-batiment-du-Grand-Nuancier-300x211.png 300w, https:\/\/grand-nuancier.org\/wp-content\/uploads\/2026\/05\/Le-concept-de-structure-modulaire-circulaire-et-adaptable-du-batiment-du-Grand-Nuancier-768x541.png 768w, https:\/\/grand-nuancier.org\/wp-content\/uploads\/2026\/05\/Le-concept-de-structure-modulaire-circulaire-et-adaptable-du-batiment-du-Grand-Nuancier.png 1175w\" sizes=\"auto, (max-width: 1024px) 100vw, 1024px\" \/><figcaption class=\"wp-element-caption\"><br>Le concept de structure modulaire circulaire et adaptable du b\u00e2timent du Grand Nuancier<\/figcaption><\/figure>\n\n\n\n<a onclick=\"history.back()\" style=\"cursor:pointer; font-size:36px;\">\u2190<\/a>\n<\/div><\/div>\n\n\n\n<p><\/p>\n","protected":false},"excerpt":{"rendered":"<p>Le lieu r\u00eav\u00e9 du Grand Nuancier \u00ab&nbsp;Quant au lieu pour abriter le Grand Nuancier, mon v\u0153u est celui d\u2019un espace [&hellip;]<\/p>\n","protected":false},"author":1,"featured_media":0,"parent":0,"menu_order":0,"comment_status":"closed","ping_status":"closed","template":"","meta":{"_uag_custom_page_level_css":"","site-sidebar-layout":"default","site-content-layout":"","ast-site-content-layout":"default","site-content-style":"default","site-sidebar-style":"default","ast-global-header-display":"","ast-banner-title-visibility":"","ast-main-header-display":"","ast-hfb-above-header-display":"","ast-hfb-below-header-display":"","ast-hfb-mobile-header-display":"","site-post-title":"disabled","ast-breadcrumbs-content":"","ast-featured-img":"","footer-sml-layout":"","ast-disable-related-posts":"","theme-transparent-header-meta":"","adv-header-id-meta":"","stick-header-meta":"","header-above-stick-meta":"","header-main-stick-meta":"","header-below-stick-meta":"","astra-migrate-meta-layouts":"default","ast-page-background-enabled":"default","ast-page-background-meta":{"desktop":{"background-color":"var(--ast-global-color-5)","background-image":"","background-repeat":"repeat","background-position":"center center","background-size":"auto","background-attachment":"scroll","background-type":"","background-media":"","overlay-type":"","overlay-color":"","overlay-opacity":"","overlay-gradient":""},"tablet":{"background-color":"","background-image":"","background-repeat":"repeat","background-position":"center center","background-size":"auto","background-attachment":"scroll","background-type":"","background-media":"","overlay-type":"","overlay-color":"","overlay-opacity":"","overlay-gradient":""},"mobile":{"background-color":"","background-image":"","background-repeat":"repeat","background-position":"center center","background-size":"auto","background-attachment":"scroll","background-type":"","background-media":"","overlay-type":"","overlay-color":"","overlay-opacity":"","overlay-gradient":""}},"ast-content-background-meta":{"desktop":{"background-color":"var(--ast-global-color-4)","background-image":"","background-repeat":"repeat","background-position":"center center","background-size":"auto","background-attachment":"scroll","background-type":"","background-media":"","overlay-type":"","overlay-color":"","overlay-opacity":"","overlay-gradient":""},"tablet":{"background-color":"var(--ast-global-color-4)","background-image":"","background-repeat":"repeat","background-position":"center center","background-size":"auto","background-attachment":"scroll","background-type":"","background-media":"","overlay-type":"","overlay-color":"","overlay-opacity":"","overlay-gradient":""},"mobile":{"background-color":"var(--ast-global-color-4)","background-image":"","background-repeat":"repeat","background-position":"center center","background-size":"auto","background-attachment":"scroll","background-type":"","background-media":"","overlay-type":"","overlay-color":"","overlay-opacity":"","overlay-gradient":""}},"footnotes":""},"class_list":["post-340","page","type-page","status-publish","hentry"],"uagb_featured_image_src":{"full":false,"thumbnail":false,"medium":false,"medium_large":false,"large":false,"1536x1536":false,"2048x2048":false},"uagb_author_info":{"display_name":"admin7977","author_link":"https:\/\/grand-nuancier.org\/index.php\/author\/admin7977\/"},"uagb_comment_info":0,"uagb_excerpt":"Le lieu r\u00eav\u00e9 du Grand Nuancier \u00ab&nbsp;Quant au lieu pour abriter le Grand Nuancier, mon v\u0153u est celui d\u2019un espace [&hellip;]","_links":{"self":[{"href":"https:\/\/grand-nuancier.org\/index.php\/wp-json\/wp\/v2\/pages\/340","targetHints":{"allow":["GET"]}}],"collection":[{"href":"https:\/\/grand-nuancier.org\/index.php\/wp-json\/wp\/v2\/pages"}],"about":[{"href":"https:\/\/grand-nuancier.org\/index.php\/wp-json\/wp\/v2\/types\/page"}],"author":[{"embeddable":true,"href":"https:\/\/grand-nuancier.org\/index.php\/wp-json\/wp\/v2\/users\/1"}],"replies":[{"embeddable":true,"href":"https:\/\/grand-nuancier.org\/index.php\/wp-json\/wp\/v2\/comments?post=340"}],"version-history":[{"count":13,"href":"https:\/\/grand-nuancier.org\/index.php\/wp-json\/wp\/v2\/pages\/340\/revisions"}],"predecessor-version":[{"id":730,"href":"https:\/\/grand-nuancier.org\/index.php\/wp-json\/wp\/v2\/pages\/340\/revisions\/730"}],"wp:attachment":[{"href":"https:\/\/grand-nuancier.org\/index.php\/wp-json\/wp\/v2\/media?parent=340"}],"curies":[{"name":"wp","href":"https:\/\/api.w.org\/{rel}","templated":true}]}}