{"id":337,"date":"2026-05-11T13:58:43","date_gmt":"2026-05-11T13:58:43","guid":{"rendered":"http:\/\/qpbbvxg.cluster121.hosting.ovh.net\/?page_id=337"},"modified":"2026-05-13T13:42:21","modified_gmt":"2026-05-13T13:42:21","slug":"latelier-du-grand-nuancier","status":"publish","type":"page","link":"https:\/\/grand-nuancier.org\/index.php\/latelier-du-grand-nuancier\/","title":{"rendered":"L\u2019Atelier du Grand Nuancier"},"content":{"rendered":"\n<header class=\"wp-block-uagb-advanced-heading uagb-block-f5a7fad0\"><h2 class=\"uagb-heading-text\">L\u2019Atelier du Grand Nuancier<\/h2><\/header>\n\n\n\n<div class=\"wp-block-uagb-container uagb-block-2807c559 alignfull uagb-is-root-container\"><div class=\"uagb-container-inner-blocks-wrap\">\n<figure class=\"wp-block-image aligncenter size-large is-resized has-custom-border\" style=\"margin-top:var(--wp--preset--spacing--40);margin-bottom:var(--wp--preset--spacing--70)\"><img loading=\"lazy\" decoding=\"async\" width=\"1024\" height=\"768\" src=\"https:\/\/grand-nuancier.org\/wp-content\/uploads\/2026\/05\/Atelier-1024x768.jpg\" alt=\"\" class=\"has-border-color has-black-border-color wp-image-732\" style=\"border-width:1px;border-top-left-radius:0px;border-top-right-radius:0px;border-bottom-left-radius:0px;border-bottom-right-radius:0px;width:457px;height:auto\" srcset=\"https:\/\/grand-nuancier.org\/wp-content\/uploads\/2026\/05\/Atelier-1024x768.jpg 1024w, https:\/\/grand-nuancier.org\/wp-content\/uploads\/2026\/05\/Atelier-300x225.jpg 300w, https:\/\/grand-nuancier.org\/wp-content\/uploads\/2026\/05\/Atelier-768x576.jpg 768w, https:\/\/grand-nuancier.org\/wp-content\/uploads\/2026\/05\/Atelier.jpg 1411w\" sizes=\"auto, (max-width: 1024px) 100vw, 1024px\" \/><\/figure>\n\n\n\n<p>L\u2019<em>Atelier du Grand Nuancier<\/em>&nbsp;visera \u00e0 prolonger collectivement et ind\u00e9finiment le&nbsp;<em>work-in-progress<\/em>&nbsp;\u00e9ponyme initi\u00e9 en France par Kim R. Rebholz en 2023, une \u0153uvre d\u2019art que ce dernier d\u00e9sire offrir \u00e0 la ville de J\u00e9rusalem \/ \u00ab&nbsp;lumi\u00e8re pour les nations&nbsp;\u00bb, avec l\u2019espoir qu\u2019elle rayonnera comme une s\u00e9rie de pierres pr\u00e9cieuses pour l\u2019\u00e9difice \u2013&nbsp;un pont plut\u00f4t qu\u2019un mur \u2013&nbsp;d\u2019une paix \u00e0 la fois locale et mondiale \u00e0 laquelle tous les \u201cenfants d\u2019Abraham\u201d aspirent.<\/p>\n\n\n\n<p>Cet atelier sera anim\u00e9, en amont et aval de la construction du lieu d\u00e9di\u00e9 au Grand Nuancier, de pair avec l\u2019organisation d\u2019expositions temporaires de l\u2019\u0153uvre, en Terre sainte et ailleurs.<\/p>\n\n\n\n<p>Espace de cr\u00e9ativit\u00e9 collaborative privil\u00e9gi\u00e9, l\u2019atelier incarnera le pouvoir transformateur de la couleur en faveur du dialogue, de la compr\u00e9hension de l\u2019autre, du respect mutuel et de l\u2019harmonie \u2013 entre les hommes et avec l\u2019environnement \u2013&nbsp;au sein de notre \u201cmaison commune\u201d.<\/p>\n\n\n\n<p>L\u2019Atelier du Grand Nuancier&nbsp;sera organis\u00e9 autour de quatre moments cl\u00e9s :<\/p>\n\n\n\n<ol class=\"wp-block-list\">\n<li><em>le travail manuel<\/em><strong>&nbsp;<\/strong>r\u00e9alis\u00e9 tous ensemble, dans toute sa simplicit\u00e9 et sa richesse&nbsp;;<\/li>\n\n\n\n<li><em>la r\u00e9flexion<\/em>&nbsp;: notre tentative d\u2019approche artistique de l\u2019harmonie sera compl\u00e9t\u00e9e par d\u2019autres apports (scientifiques, religieux, philosophiques, \u00e9thiques, etc.) dans une perspective holistique (personnelle, interpersonnelle, humanit\u00e9 &amp; nature) ;&nbsp;<\/li>\n\n\n\n<li><em>l\u2019exposition<\/em>&nbsp;de l\u2019\u0153uvre collective au sein du lieu d\u00e9di\u00e9 et hors les murs&nbsp;;<\/li>\n\n\n\n<li><em>l\u2019engagement<\/em>&nbsp;: les bonnes r\u00e9solutions formul\u00e9es \u00e0 l\u2019issue de l\u2019atelier seront, dans la mesure du possible, mises en \u0153uvre.&nbsp;<\/li>\n<\/ol>\n\n\n\n<p><\/p>\n\n\n\n<p>L\u2019Atelier du Grand Nuancier<em>&nbsp;<\/em>aura certes l\u2019ambition d\u2019\u00eatre ouvert \u00e0 tous, petits et grands de tous horizons, au nom des bienfaits de la couleur \u2013&nbsp;langage universel&nbsp;: tombeur de barri\u00e8res religieuses, culturelles, sociales et g\u00e9n\u00e9rationnelles \u2013 ainsi utilis\u00e9e tous ensemble, comme une c\u00e9l\u00e9bration chorale de la diversit\u00e9 et de l\u2019unit\u00e9.<\/p>\n\n\n\n<p>Il n\u2019en est pas moins vrai que l\u2019atelier s\u2019adressera en particulier aux membres respectifs de \u201cparties en conflit\u201d, \u00e0 commencer, cela va de soi, par les communaut\u00e9s isra\u00e9liennes, palestiniennes et autres de ce Moyen-Orient en proie (depuis les temps bibliques et plus que jamais aujourd\u2019hui) \u00e0 une extr\u00eame violence&nbsp;; notre ambition assum\u00e9e \u00e9tant d\u2019envisager, dans un contexte aussi difficile, \u00e0 travers ce travail en commun de l\u2019atelier, sinon les voies et moyens les plus assur\u00e9s d\u2019y parvenir, du moins la possibilit\u00e9 m\u00eame de ce que l\u2019on pourrait nommer en l\u2019appelant de tous nos v\u0153ux \u2013&nbsp;<em>in memoriam<\/em>&nbsp;Yitzhak Rabin et Yasser Arafat qui fr\u00e9quemment utilis\u00e8rent cette expression au moment des accords d\u2019Oslo \u2013&nbsp;\u00ab&nbsp;la paix des braves&nbsp;\u00bb.<\/p>\n\n\n\n<p>Tout ceci&#8230; comme une lueur d\u2019espoir d\u2019un r\u00e8glement d\u00e9finitif de ce conflit r\u00e9gional, devenu (directement ou indirectement) mondial, sur la base d\u2019une reconnaissance par toutes les parties du droit de chacun \u00e0 exister et vivre en paix, comme individus et comme peuples. Conform\u00e9ment \u00e0 la&nbsp;<em>D\u00e9claration universelle des droits de l\u2019homme<\/em>&nbsp;des Nations Unies en son article premier&nbsp;:&nbsp;<em>\u00ab&nbsp;Tous les \u00eatres humains naissent libres et \u00e9gaux en dignit\u00e9 et en droits. Ils sont dou\u00e9s de raison et de conscience et doivent agir les uns envers les autres dans un esprit de fraternit\u00e9.&nbsp;\u00bb<\/em>. Avec \u00e9galement \u00e0 l\u2019esprit cette sagesse de Spinoza&nbsp;: \u00ab&nbsp;<em>La paix n\u2019est pas l\u2019absence de guerre, c\u2019est une vertu, un \u00e9tat d\u2019esprit, une volont\u00e9 de bienveillance, de confiance, de justice.&nbsp;\u00bb<\/em>.<\/p>\n\n\n\n<a onclick=\"history.back()\" style=\"cursor:pointer; font-size:36px;\">\u2190<\/a>\n<\/div><\/div>\n\n\n\n<p><\/p>\n","protected":false},"excerpt":{"rendered":"<p>L\u2019Atelier du Grand Nuancier L\u2019Atelier du Grand Nuancier&nbsp;visera \u00e0 prolonger collectivement et ind\u00e9finiment le&nbsp;work-in-progress&nbsp;\u00e9ponyme initi\u00e9 en France par Kim R. [&hellip;]<\/p>\n","protected":false},"author":1,"featured_media":0,"parent":0,"menu_order":0,"comment_status":"closed","ping_status":"closed","template":"","meta":{"_uag_custom_page_level_css":"","site-sidebar-layout":"default","site-content-layout":"","ast-site-content-layout":"default","site-content-style":"default","site-sidebar-style":"default","ast-global-header-display":"","ast-banner-title-visibility":"","ast-main-header-display":"","ast-hfb-above-header-display":"","ast-hfb-below-header-display":"","ast-hfb-mobile-header-display":"","site-post-title":"disabled","ast-breadcrumbs-content":"","ast-featured-img":"","footer-sml-layout":"","ast-disable-related-posts":"","theme-transparent-header-meta":"","adv-header-id-meta":"","stick-header-meta":"","header-above-stick-meta":"","header-main-stick-meta":"","header-below-stick-meta":"","astra-migrate-meta-layouts":"default","ast-page-background-enabled":"default","ast-page-background-meta":{"desktop":{"background-color":"var(--ast-global-color-5)","background-image":"","background-repeat":"repeat","background-position":"center center","background-size":"auto","background-attachment":"scroll","background-type":"","background-media":"","overlay-type":"","overlay-color":"","overlay-opacity":"","overlay-gradient":""},"tablet":{"background-color":"","background-image":"","background-repeat":"repeat","background-position":"center center","background-size":"auto","background-attachment":"scroll","background-type":"","background-media":"","overlay-type":"","overlay-color":"","overlay-opacity":"","overlay-gradient":""},"mobile":{"background-color":"","background-image":"","background-repeat":"repeat","background-position":"center center","background-size":"auto","background-attachment":"scroll","background-type":"","background-media":"","overlay-type":"","overlay-color":"","overlay-opacity":"","overlay-gradient":""}},"ast-content-background-meta":{"desktop":{"background-color":"var(--ast-global-color-4)","background-image":"","background-repeat":"repeat","background-position":"center center","background-size":"auto","background-attachment":"scroll","background-type":"","background-media":"","overlay-type":"","overlay-color":"","overlay-opacity":"","overlay-gradient":""},"tablet":{"background-color":"var(--ast-global-color-4)","background-image":"","background-repeat":"repeat","background-position":"center center","background-size":"auto","background-attachment":"scroll","background-type":"","background-media":"","overlay-type":"","overlay-color":"","overlay-opacity":"","overlay-gradient":""},"mobile":{"background-color":"var(--ast-global-color-4)","background-image":"","background-repeat":"repeat","background-position":"center center","background-size":"auto","background-attachment":"scroll","background-type":"","background-media":"","overlay-type":"","overlay-color":"","overlay-opacity":"","overlay-gradient":""}},"footnotes":""},"class_list":["post-337","page","type-page","status-publish","hentry"],"uagb_featured_image_src":{"full":false,"thumbnail":false,"medium":false,"medium_large":false,"large":false,"1536x1536":false,"2048x2048":false},"uagb_author_info":{"display_name":"admin7977","author_link":"https:\/\/grand-nuancier.org\/index.php\/author\/admin7977\/"},"uagb_comment_info":0,"uagb_excerpt":"L\u2019Atelier du Grand Nuancier L\u2019Atelier du Grand Nuancier&nbsp;visera \u00e0 prolonger collectivement et ind\u00e9finiment le&nbsp;work-in-progress&nbsp;\u00e9ponyme initi\u00e9 en France par Kim R. [&hellip;]","_links":{"self":[{"href":"https:\/\/grand-nuancier.org\/index.php\/wp-json\/wp\/v2\/pages\/337","targetHints":{"allow":["GET"]}}],"collection":[{"href":"https:\/\/grand-nuancier.org\/index.php\/wp-json\/wp\/v2\/pages"}],"about":[{"href":"https:\/\/grand-nuancier.org\/index.php\/wp-json\/wp\/v2\/types\/page"}],"author":[{"embeddable":true,"href":"https:\/\/grand-nuancier.org\/index.php\/wp-json\/wp\/v2\/users\/1"}],"replies":[{"embeddable":true,"href":"https:\/\/grand-nuancier.org\/index.php\/wp-json\/wp\/v2\/comments?post=337"}],"version-history":[{"count":10,"href":"https:\/\/grand-nuancier.org\/index.php\/wp-json\/wp\/v2\/pages\/337\/revisions"}],"predecessor-version":[{"id":739,"href":"https:\/\/grand-nuancier.org\/index.php\/wp-json\/wp\/v2\/pages\/337\/revisions\/739"}],"wp:attachment":[{"href":"https:\/\/grand-nuancier.org\/index.php\/wp-json\/wp\/v2\/media?parent=337"}],"curies":[{"name":"wp","href":"https:\/\/api.w.org\/{rel}","templated":true}]}}