{"id":316,"date":"2026-05-11T13:16:04","date_gmt":"2026-05-11T13:16:04","guid":{"rendered":"http:\/\/qpbbvxg.cluster121.hosting.ovh.net\/?page_id=316"},"modified":"2026-05-14T10:24:01","modified_gmt":"2026-05-14T10:24:01","slug":"la-fable-des-couleurs","status":"publish","type":"page","link":"https:\/\/grand-nuancier.org\/index.php\/la-fable-des-couleurs\/","title":{"rendered":"La fable des couleurs"},"content":{"rendered":"\n<header class=\"wp-block-uagb-advanced-heading uagb-block-f5a7fad0\"><h2 class=\"uagb-heading-text\">La fable des couleurs<\/h2><\/header>\n\n\n\n<div class=\"wp-block-uagb-container uagb-block-2807c559 alignfull uagb-is-root-container\"><div class=\"uagb-container-inner-blocks-wrap\">\n<p><em>Supposons qu\u2019une couleur ou jeu de couleurs exprime chaque \u00eatre&nbsp;: \u00eatre humain, \u00eatre vivant, \u00eatre tout court&#8230; Une infinit\u00e9 de couleurs, donc, pour une infinit\u00e9 d\u2019\u00eatres.<\/em><\/p>\n\n\n\n<p><em>Dans cette hypoth\u00e8se, voici ce que nous attendrions de la chromatique qu\u2019elle mette en \u00e9vidence&nbsp;:<\/em><br><em>&#8211; que chaque couleur ou jeu (chaque \u00eatre) est n\u00e9cessaire \u00e0 l\u2019arc-en-ciel et l\u2019univers&nbsp;;<\/em><br><em>&#8211; l\u2019harmonie possible de chaque ensemble&nbsp;;<\/em><br><em>&#8211; comment chacun (couleur, \u00eatre, ensemble) peut \u00eatre renforc\u00e9 par les autres.<\/em><\/p>\n\n\n\n<p><em>\u00c0 nous tous qui, si souvent, tombons dans le repli sur soi \u2013 ainsi Narcisse \u2013 et le mauvais rapport \u00e0 l\u2019autre, cette po\u00e9sie de la couleur, langage \u00e9l\u00e9mentaire et universel, exp\u00e9rience autant th\u00e9orique que pratique, cette chromatique n\u2019est sans doute pas inutile. Car si la connaissance de soi est une condition n\u00e9cessaire au bien de chacun, certes elle ne saurait \u00eatre suffisante&nbsp;: chaleur, r\u00e9confort, amour, bonheur, seul l\u2019autre (autrui humain et autres de la nature, dans toutes leurs diff\u00e9rences compl\u00e9mentaires) peut nous les offrir, tel une gr\u00e2ce&#8230; \u00c0 chacun, donc, de <\/em><em>, <\/em><em>le<\/em><em>, <\/em><em>la<\/em><em> et <\/em><em>les<\/em><em> conna\u00eetre, en bonne intelligence&nbsp;!<\/em><\/p>\n\n\n\n<p><\/p>\n\n\n\n<figure class=\"wp-block-image aligncenter size-medium uag-hide-desktop\"><img loading=\"lazy\" decoding=\"async\" width=\"257\" height=\"300\" src=\"https:\/\/grand-nuancier.org\/wp-content\/uploads\/2026\/05\/Le-Caravage-Narcisse-ca.-1598-257x300.png\" alt=\"\" class=\"wp-image-173\" srcset=\"https:\/\/grand-nuancier.org\/wp-content\/uploads\/2026\/05\/Le-Caravage-Narcisse-ca.-1598-257x300.png 257w, https:\/\/grand-nuancier.org\/wp-content\/uploads\/2026\/05\/Le-Caravage-Narcisse-ca.-1598-878x1024.png 878w, https:\/\/grand-nuancier.org\/wp-content\/uploads\/2026\/05\/Le-Caravage-Narcisse-ca.-1598-768x896.png 768w, https:\/\/grand-nuancier.org\/wp-content\/uploads\/2026\/05\/Le-Caravage-Narcisse-ca.-1598.png 902w\" sizes=\"auto, (max-width: 257px) 100vw, 257px\" \/><figcaption class=\"wp-element-caption\">Le Caravage,&nbsp;<em>Narcisse&nbsp;<\/em>(ca. 1598)<\/figcaption><\/figure>\n\n\n\n<div class=\"wp-block-columns is-not-stacked-on-mobile uag-hide-mob is-layout-flex wp-container-core-columns-is-layout-61552176 wp-block-columns-is-layout-flex\" style=\"margin-top:0;margin-bottom:0;padding-right:0;padding-left:0\">\n<div class=\"wp-block-column is-layout-flow wp-block-column-is-layout-flow\" style=\"flex-basis:33.34%\"><\/div>\n\n\n\n<div class=\"wp-block-column is-content-justification-center is-layout-constrained wp-container-core-column-is-layout-78267832 wp-block-column-is-layout-constrained\" style=\"flex-basis:60%\">\n<figure class=\"wp-block-image aligncenter size-full uag-hide-mob\"><img loading=\"lazy\" decoding=\"async\" width=\"902\" height=\"1052\" src=\"https:\/\/grand-nuancier.org\/wp-content\/uploads\/2026\/05\/Le-Caravage-Narcisse-ca.-1598.png\" alt=\"\" class=\"wp-image-173\" srcset=\"https:\/\/grand-nuancier.org\/wp-content\/uploads\/2026\/05\/Le-Caravage-Narcisse-ca.-1598.png 902w, https:\/\/grand-nuancier.org\/wp-content\/uploads\/2026\/05\/Le-Caravage-Narcisse-ca.-1598-257x300.png 257w, https:\/\/grand-nuancier.org\/wp-content\/uploads\/2026\/05\/Le-Caravage-Narcisse-ca.-1598-878x1024.png 878w, https:\/\/grand-nuancier.org\/wp-content\/uploads\/2026\/05\/Le-Caravage-Narcisse-ca.-1598-768x896.png 768w\" sizes=\"auto, (max-width: 902px) 100vw, 902px\" \/><figcaption class=\"wp-element-caption\">Le Caravage,&nbsp;<em>Narcisse&nbsp;<\/em>(ca. 1598)<\/figcaption><\/figure>\n<\/div>\n\n\n\n<div class=\"wp-block-column is-layout-flow wp-block-column-is-layout-flow\" style=\"flex-basis:33.33%\"><\/div>\n<\/div>\n\n\n\n<div class=\"wp-block-uagb-container uagb-layout-flex uagb-block-083837f8\">\n<figure class=\"wp-block-image aligncenter size-full\"><img loading=\"lazy\" decoding=\"async\" width=\"1433\" height=\"1052\" src=\"https:\/\/grand-nuancier.org\/wp-content\/uploads\/2026\/05\/Johann-Wenzel-Peter-Adam-et-Eve-au-Paradis-Terreste-ca.-1780-1829-1.png\" alt=\"\" class=\"wp-image-180\" srcset=\"https:\/\/grand-nuancier.org\/wp-content\/uploads\/2026\/05\/Johann-Wenzel-Peter-Adam-et-Eve-au-Paradis-Terreste-ca.-1780-1829-1.png 1433w, https:\/\/grand-nuancier.org\/wp-content\/uploads\/2026\/05\/Johann-Wenzel-Peter-Adam-et-Eve-au-Paradis-Terreste-ca.-1780-1829-1-300x220.png 300w, https:\/\/grand-nuancier.org\/wp-content\/uploads\/2026\/05\/Johann-Wenzel-Peter-Adam-et-Eve-au-Paradis-Terreste-ca.-1780-1829-1-1024x752.png 1024w, https:\/\/grand-nuancier.org\/wp-content\/uploads\/2026\/05\/Johann-Wenzel-Peter-Adam-et-Eve-au-Paradis-Terreste-ca.-1780-1829-1-768x564.png 768w\" sizes=\"auto, (max-width: 1433px) 100vw, 1433px\" \/><figcaption class=\"wp-element-caption\">Johann Wenzel Peter,&nbsp;<em>Adam et \u00c8ve au Paradis Terreste&nbsp;<\/em>(ca. 1780-1829)<\/figcaption><\/figure>\n<\/div>\n\n\n\n<div class=\"wp-block-uagb-container uagb-block-d2a25582\">\n<figure class=\"wp-block-image aligncenter size-large\"><img loading=\"lazy\" decoding=\"async\" width=\"1024\" height=\"737\" src=\"https:\/\/grand-nuancier.org\/wp-content\/uploads\/2026\/05\/Caspar-David-Friedrich-Femme-devant-le-coucher-du-soleil-ca.-1818-1024x737.png\" alt=\"\" class=\"wp-image-175\" srcset=\"https:\/\/grand-nuancier.org\/wp-content\/uploads\/2026\/05\/Caspar-David-Friedrich-Femme-devant-le-coucher-du-soleil-ca.-1818-1024x737.png 1024w, https:\/\/grand-nuancier.org\/wp-content\/uploads\/2026\/05\/Caspar-David-Friedrich-Femme-devant-le-coucher-du-soleil-ca.-1818-300x216.png 300w, https:\/\/grand-nuancier.org\/wp-content\/uploads\/2026\/05\/Caspar-David-Friedrich-Femme-devant-le-coucher-du-soleil-ca.-1818-768x553.png 768w, https:\/\/grand-nuancier.org\/wp-content\/uploads\/2026\/05\/Caspar-David-Friedrich-Femme-devant-le-coucher-du-soleil-ca.-1818.png 1462w\" sizes=\"auto, (max-width: 1024px) 100vw, 1024px\" \/><figcaption class=\"wp-element-caption\">Caspar David Friedrich,&nbsp;<em>Femme devant le coucher du soleil&nbsp;<\/em>(ca. 1818)<\/figcaption><\/figure>\n<\/div>\n\n\n\n<a onclick=\"history.back()\" style=\"cursor:pointer; font-size:36px;\">\u2190<\/a>\n<\/div><\/div>\n\n\n\n<p><\/p>\n","protected":false},"excerpt":{"rendered":"<p>La fable des couleurs Supposons qu\u2019une couleur ou jeu de couleurs exprime chaque \u00eatre&nbsp;: \u00eatre humain, \u00eatre vivant, \u00eatre tout [&hellip;]<\/p>\n","protected":false},"author":1,"featured_media":0,"parent":0,"menu_order":0,"comment_status":"closed","ping_status":"closed","template":"","meta":{"_uag_custom_page_level_css":"","site-sidebar-layout":"default","site-content-layout":"","ast-site-content-layout":"default","site-content-style":"default","site-sidebar-style":"default","ast-global-header-display":"","ast-banner-title-visibility":"","ast-main-header-display":"","ast-hfb-above-header-display":"","ast-hfb-below-header-display":"","ast-hfb-mobile-header-display":"","site-post-title":"disabled","ast-breadcrumbs-content":"","ast-featured-img":"","footer-sml-layout":"","ast-disable-related-posts":"","theme-transparent-header-meta":"","adv-header-id-meta":"","stick-header-meta":"","header-above-stick-meta":"","header-main-stick-meta":"","header-below-stick-meta":"","astra-migrate-meta-layouts":"default","ast-page-background-enabled":"default","ast-page-background-meta":{"desktop":{"background-color":"var(--ast-global-color-5)","background-image":"","background-repeat":"repeat","background-position":"center center","background-size":"auto","background-attachment":"scroll","background-type":"","background-media":"","overlay-type":"","overlay-color":"","overlay-opacity":"","overlay-gradient":""},"tablet":{"background-color":"","background-image":"","background-repeat":"repeat","background-position":"center center","background-size":"auto","background-attachment":"scroll","background-type":"","background-media":"","overlay-type":"","overlay-color":"","overlay-opacity":"","overlay-gradient":""},"mobile":{"background-color":"","background-image":"","background-repeat":"repeat","background-position":"center center","background-size":"auto","background-attachment":"scroll","background-type":"","background-media":"","overlay-type":"","overlay-color":"","overlay-opacity":"","overlay-gradient":""}},"ast-content-background-meta":{"desktop":{"background-color":"var(--ast-global-color-4)","background-image":"","background-repeat":"repeat","background-position":"center center","background-size":"auto","background-attachment":"scroll","background-type":"","background-media":"","overlay-type":"","overlay-color":"","overlay-opacity":"","overlay-gradient":""},"tablet":{"background-color":"var(--ast-global-color-4)","background-image":"","background-repeat":"repeat","background-position":"center center","background-size":"auto","background-attachment":"scroll","background-type":"","background-media":"","overlay-type":"","overlay-color":"","overlay-opacity":"","overlay-gradient":""},"mobile":{"background-color":"var(--ast-global-color-4)","background-image":"","background-repeat":"repeat","background-position":"center center","background-size":"auto","background-attachment":"scroll","background-type":"","background-media":"","overlay-type":"","overlay-color":"","overlay-opacity":"","overlay-gradient":""}},"footnotes":""},"class_list":["post-316","page","type-page","status-publish","hentry"],"uagb_featured_image_src":{"full":false,"thumbnail":false,"medium":false,"medium_large":false,"large":false,"1536x1536":false,"2048x2048":false},"uagb_author_info":{"display_name":"admin7977","author_link":"https:\/\/grand-nuancier.org\/index.php\/author\/admin7977\/"},"uagb_comment_info":0,"uagb_excerpt":"La fable des couleurs Supposons qu\u2019une couleur ou jeu de couleurs exprime chaque \u00eatre&nbsp;: \u00eatre humain, \u00eatre vivant, \u00eatre tout [&hellip;]","_links":{"self":[{"href":"https:\/\/grand-nuancier.org\/index.php\/wp-json\/wp\/v2\/pages\/316","targetHints":{"allow":["GET"]}}],"collection":[{"href":"https:\/\/grand-nuancier.org\/index.php\/wp-json\/wp\/v2\/pages"}],"about":[{"href":"https:\/\/grand-nuancier.org\/index.php\/wp-json\/wp\/v2\/types\/page"}],"author":[{"embeddable":true,"href":"https:\/\/grand-nuancier.org\/index.php\/wp-json\/wp\/v2\/users\/1"}],"replies":[{"embeddable":true,"href":"https:\/\/grand-nuancier.org\/index.php\/wp-json\/wp\/v2\/comments?post=316"}],"version-history":[{"count":15,"href":"https:\/\/grand-nuancier.org\/index.php\/wp-json\/wp\/v2\/pages\/316\/revisions"}],"predecessor-version":[{"id":743,"href":"https:\/\/grand-nuancier.org\/index.php\/wp-json\/wp\/v2\/pages\/316\/revisions\/743"}],"wp:attachment":[{"href":"https:\/\/grand-nuancier.org\/index.php\/wp-json\/wp\/v2\/media?parent=316"}],"curies":[{"name":"wp","href":"https:\/\/api.w.org\/{rel}","templated":true}]}}